{"id":521,"date":"2021-05-10T22:06:29","date_gmt":"2021-05-10T20:06:29","guid":{"rendered":"http:\/\/www.finnishplant.com\/?page_id=521"},"modified":"2022-10-19T18:51:14","modified_gmt":"2022-10-19T16:51:14","slug":"de-erfahrungen","status":"publish","type":"page","link":"https:\/\/www.finnishplant.com\/?page_id=521","title":{"rendered":"de-erfahrungen"},"content":{"rendered":"<div class=\"page-lang--menu\">\n<div class=\"page-lang--flags\">\n    <a href=\"https:\/\/www.finnishplant.com\/?page_id=503\"><img loading=\"lazy\" decoding=\"async\" class=\"alignnone size-full\" src=\"https:\/\/www.finnishplant.com\/wp-content\/uploads\/2021\/05\/fi.jpg\" alt=\"\" width=\"19\" height=\"14\"><\/a><a href=\"https:\/\/www.finnishplant.com\/?page_id=521\"><img loading=\"lazy\" decoding=\"async\" class=\"alignnone size-full\" src=\"https:\/\/www.finnishplant.com\/wp-content\/uploads\/2021\/05\/de.jpg\" alt=\"\" width=\"19\" height=\"14\"><\/a><a href=\"https:\/\/www.finnishplant.com\/?page_id=515\"><img loading=\"lazy\" decoding=\"async\" class=\"alignnone size-full\" src=\"https:\/\/www.finnishplant.com\/wp-content\/uploads\/2021\/05\/en.jpg\" alt=\"\" width=\"19\" height=\"14\"><\/a><\/div>\n<\/div>\n<div class=\"section-logo\"><img loading=\"lazy\" decoding=\"async\" class=\"alignnone\" src=\"https:\/\/www.finnishplant.com\/wp-content\/uploads\/2021\/05\/s.png\" alt=\"\" width=\"160\" height=\"49\"><\/div>\n<div class=\"back-button\"><a href=\"https:\/\/www.finnishplant.com\/?page_id=518\">Zur\u00fcck<\/a><\/div>\n<div id=\"dokumentarfilm\" class=\"page-content\">\n<h1 class=\"section-title\">Dokumentarfilm f\u00fcr den franz\u00f6sischen Fernsehen<\/h1>\n<div class=\"page-collage-row page-image\">\n<div class=\"page-collage-column\">\n<div class=\"page-collage-text--left\">\n<p class=\"collage-paragraph\">Der Sommer 2018 war bei Finnish Plant etwas spannender als sonst. Ein paar Jahre zuvor war die Rosenbl\u00fctenkonfit\u00fcre auf einer von Action Finland in Paris organisierten Fachveranstaltung vorgestellt worden. Dort hat die Dokumentarfilmerin Valerie Exposito das Produkt gekostet. Sie war so begeistert von dem Produkt, dass sie Finnish Plant als Beispiel f\u00fcr ihr Dokumentarfilmprojekt nehmen wollte, in dem drei Spitzenk\u00f6che kulinarische Erlebnisse au\u00dferhalb Frankreichs erkunden wollten. Und bald liefen die Linien zwischen Paris und Vampula hei\u00df.<\/p>\n<\/div>\n<p><img loading=\"lazy\" decoding=\"async\" style=\"max-width: 80%; margin-top: 2em;\" class=\"alignnone size-full\" src=\"https:\/\/www.finnishplant.com\/wp-content\/uploads\/2021\/05\/1-3.jpg\" alt=\"\" width=\"788\" height=\"601\"><\/p>\n<\/div>\n<div class=\"page-collage-column\">\n<div class=\"page-collage--image\">\n        <img loading=\"lazy\" decoding=\"async\" class=\"alignnone size-full\" src=\"https:\/\/www.finnishplant.com\/wp-content\/uploads\/2021\/05\/s2k1-7.jpg\" alt=\"\" width=\"468\" height=\"316\"><\/p>\n<div style=\"margin-bottom: 4em;\" class=\"collage-info--white\">Image: Action Finland<\/div>\n<\/div>\n<div class=\"page-collage-text--left\">\n<p style=\"margin-top: 2em;\" class=\"collage-paragraph\">Im Juli 2018 reisten die Spitzenk\u00f6che Stephane Debracque (Autret) und Fabricio Prochasson, Pr\u00e4sident der franz\u00f6sischen Kochakademie, mit Regisseurin Valerie nach Vampula, Finnland. Zuerst wurde in Pyh\u00e4j\u00e4rvi See in S\u00e4kyl\u00e4 gefischt und dann wurden Rosenbl\u00fcten gesammelt. Zum Abendessen gab es auf Wacholderzweigen ger\u00e4ucherten Wei\u00dffisch (Coregonus lavaretus) mit Rosen, Boulabaisse-Suppe mit Rosenbl\u00fctenkonfit\u00fcre und als Dessert Stephanes Melonen-Rosenbl\u00fcten-Carpaccio. O-la-la!<\/p>\n<p class=\"collage-paragraph\">Als sie nach Hause zur\u00fcckkehrten, erinnerten sich die Spitzenk\u00f6che an die Reise nach Finnland, wie sollte es anders sein, mit neuen Rezepten. Die von Stephane Debracque kreierten Rosen-Macarons und G\u00e4nseleber mit wei\u00dfer Schokolade und Rosenbl\u00fctenkonfit\u00fcre waren die franz\u00f6sische Interpretation der Magie der Mitternachtsrose. Aus der dreit\u00e4gigen Reise entstand ein Dokumentarfilm, der im Mai 2019 im franz\u00f6sischen Fernsehen 1 gezeigt wurde.<\/p>\n<\/div>\n<\/div>\n<\/div>\n<div class=\"section-logo\"><img loading=\"lazy\" decoding=\"async\" class=\"alignnone\" src=\"https:\/\/www.finnishplant.com\/wp-content\/uploads\/2021\/05\/s.png\" alt=\"\" width=\"160\" height=\"49\"><\/div>\n<\/div>\n<div id=\"raten-wer-Rosenessen-mag\" class=\"page-content\">\n<h1 class=\"section-title\">Raten wer Rosenessen mag<\/h1>\n<div class=\"page-collage-row page-image\">\n<div class=\"page-collage-column\">\n<div class=\"page-collage--image\">\n        <img loading=\"lazy\" decoding=\"async\" class=\"alignnone size-full\" src=\"https:\/\/www.finnishplant.com\/wp-content\/uploads\/2021\/05\/k1-1.jpg\" alt=\"\" width=\"553\" height=\"553\"><\/p>\n<div class=\"collage-info--white\">Image: Action Finland<\/div>\n<\/div>\n<div class=\"page-collage-text--left\">\n<p style=\"margin-top: 2em;\" class=\"collage-paragraph\">Die Rosenbl\u00fctenkonfit\u00fcre von Finnish Plant erobert die Welt und viele Spitzenk\u00f6che sind begeistert von den M\u00f6glichkeiten, die das Produkt bietet.<\/p>\n<p class=\"collage-paragraph\">Ein Fan ist Michael Martin, der schon viel mitgekocht hat. Er ist in der internationalen Promi Szene zu Hause und hat sowohl Rocker als auch K\u00f6nigliche bekocht.<\/p>\n<p class=\"collage-paragraph\">Sauli Kemppainen, ein finnischer Michelin-Sternekoch, der seit Jahren in Berlin bekannt ist, ist ebenfalls von der Rosenbl\u00fctenkonfit\u00fcre begeistert. Im Laufe der Jahre konnten mehrere rosige Kreationen auf seiner Speisekarte gefunden werden, zum Beispiel das Dessert im Bild, Rose &#8211; Rhabarber &#8211; S\u00fc\u00dfholz \u2013 Haselnuss.<\/p>\n<\/div>\n<\/div>\n<div class=\"page-collage-column\">\n<div class=\"page-collage-text--left\">\n<p class=\"collage-paragraph\">&#8220;Finnish rose petal jam, I must say, great looking confiture, its packaging looks smart, has a nice ribbon to rip on opening and the scent of the jam says it all! A magical moment awaits as you take your first bite.<\/p>\n<p class=\"collage-paragraph\">All guests I have shared it with love it and it\u2019s also great to use in mousse or to top small tarts with. Love it &#8211; please try and enjoy.&#8221;<\/p>\n<\/div>\n<div class=\"page-collage--image\">\n        <img loading=\"lazy\" decoding=\"async\" style=\"max-width: 60%; margin-top: 6em;\" class=\"alignnone size-full\" src=\"https:\/\/www.finnishplant.com\/wp-content\/uploads\/2021\/05\/2-4.jpg\" alt=\"\" width=\"520\" height=\"694\"><\/p>\n<div class=\"collage-info--white\"><\/div>\n<\/div>\n<\/div>\n<\/div>\n<div class=\"section-logo\"><img loading=\"lazy\" decoding=\"async\" class=\"alignnone\" src=\"https:\/\/www.finnishplant.com\/wp-content\/uploads\/2021\/05\/s.png\" alt=\"\" width=\"160\" height=\"49\"><\/div>\n<\/div>\n<div id=\"begegnungen\" class=\"page-content\">\n<h1 class=\"section-title\">Begegnungen<\/h1>\n<div class=\"page-collage-row page-image\">\n<div class=\"page-collage-column\">\n<div class=\"page-collage--image\">\n        <img loading=\"lazy\" decoding=\"async\" style=\"max-width: 70%;\" class=\"alignnone size-full\" src=\"https:\/\/www.finnishplant.com\/wp-content\/uploads\/2021\/05\/k1-3.jpg\" alt=\"\" width=\"553\" height=\"553\"><\/div>\n<\/div>\n<div class=\"page-collage-column\">\n<div class=\"page-collage-text--left\">\n<p class=\"collage-paragraph\">Seit Jahren stellen Tuuli und Matti von Finnish Plant flei\u00dfig auf Messen aus und es haben viele lustige Geschichten und Begegnungen stattgefunden.<\/p>\n<p class=\"collage-paragraph\">In Italien sorgte die Rosenbl\u00fctenkonfit\u00fcre einmal f\u00fcr ein kleines Chaos, als ein lokaler Zeitungsreporter den Stand besuchte, und sich in das Produkt verliebte. Sein lobender Bericht in der Lokalzeitung verursachte einen Ansturm auf den Stand und das Produkt war schnell ausverkauft. Das italienische Temperament wurde entfesselt, als nicht alle, die Delikatesse bekamen, die sie begehrten.<\/p>\n<p class=\"collage-paragraph\">Seit Jahren begeistern die Kotajas die Deutschen auf der weltweit gr\u00f6\u00dften Messe f\u00fcr Ern\u00e4hrung, der Gr\u00fcnen Woche in Berlin. Kulinarische Begegnungen mit lokalen Lebensmittelbeeinflussern und Vertretern der Medien haben zu Berichten in Radio, Fernsehen und Magazinen gef\u00fchrt. Eine Gruppe von deutschen Journalisten hat sogar Vampula besucht.<\/p>\n<\/div>\n<\/div>\n<\/div>\n<div class=\"page-text--center\">\n<h3 class=\"page-recipe--tittle\">Hier finden Sie ein paar Beispiele an Berichten:<\/h3>\n<p><a href=\"https:\/\/www.mtv.fi\/sarja\/uutisjutut-kulttuuri-33001022\/harvinaisia-suomalaisherkkuja-vientiin-569699\">Fernsehbericht (MTV, auf finnisch)<\/a><br \/>\n<a href=\"https:\/\/www.bz-berlin.de\/reisen\/reisebericht-finnland-wo-das-glueck-zu-hause-ist?fbclid=IwAR3hRyGvKvXPqyo_WjbpuJCgdZOStNKQ8f2a2f4_DSQhlNDYGrCMQHJCmM0\">Reisebericht \u00fcber Finnland (BZ, Sabine Klier)<\/a><br \/>\n<a href=\"https:\/\/www.focus.de\/gesundheit\/ernaehrung\/geniessen\/ernaehrung-so-zauberhaft-ist-die-bluetenkueche_id_10864143.html?fbclid=IwAR38-ddekL-rA8UzAbRDHfqVnxNSv2mzNQ4UIXy5-eWQO6R323B4yh1_Kw4\">Bl\u00fctenk\u00fcche (Focus)<\/a><\/p>\n<\/div>\n<div class=\"section-logo\"><img loading=\"lazy\" decoding=\"async\" class=\"alignnone\" src=\"https:\/\/www.finnishplant.com\/wp-content\/uploads\/2021\/05\/s.png\" alt=\"\" width=\"160\" height=\"49\"><\/div>\n<\/div>\n","protected":false},"excerpt":{"rendered":"<p>Zur\u00fcck Dokumentarfilm f\u00fcr den franz\u00f6sischen Fernsehen Der Sommer 2018 war bei Finnish Plant etwas spannender als sonst. Ein paar Jahre zuvor war die Rosenbl\u00fctenkonfit\u00fcre auf einer von Action Finland in Paris organisierten Fachveranstaltung vorgestellt worden. Dort hat die Dokumentarfilmerin Valerie Exposito das Produkt gekostet. Sie war so begeistert von dem Produkt, dass sie Finnish Plant [&hellip;]<\/p>\n","protected":false},"author":1,"featured_media":0,"parent":0,"menu_order":0,"comment_status":"closed","ping_status":"closed","template":"page-templates\/full-width.php","meta":{"footnotes":""},"class_list":["post-521","page","type-page","status-publish","hentry"],"_links":{"self":[{"href":"https:\/\/www.finnishplant.com\/index.php?rest_route=\/wp\/v2\/pages\/521","targetHints":{"allow":["GET"]}}],"collection":[{"href":"https:\/\/www.finnishplant.com\/index.php?rest_route=\/wp\/v2\/pages"}],"about":[{"href":"https:\/\/www.finnishplant.com\/index.php?rest_route=\/wp\/v2\/types\/page"}],"author":[{"embeddable":true,"href":"https:\/\/www.finnishplant.com\/index.php?rest_route=\/wp\/v2\/users\/1"}],"replies":[{"embeddable":true,"href":"https:\/\/www.finnishplant.com\/index.php?rest_route=%2Fwp%2Fv2%2Fcomments&post=521"}],"version-history":[{"count":6,"href":"https:\/\/www.finnishplant.com\/index.php?rest_route=\/wp\/v2\/pages\/521\/revisions"}],"predecessor-version":[{"id":849,"href":"https:\/\/www.finnishplant.com\/index.php?rest_route=\/wp\/v2\/pages\/521\/revisions\/849"}],"wp:attachment":[{"href":"https:\/\/www.finnishplant.com\/index.php?rest_route=%2Fwp%2Fv2%2Fmedia&parent=521"}],"curies":[{"name":"wp","href":"https:\/\/api.w.org\/{rel}","templated":true}]}}