{"id":519,"date":"2021-05-10T22:05:43","date_gmt":"2021-05-10T20:05:43","guid":{"rendered":"http:\/\/www.finnishplant.com\/?page_id=519"},"modified":"2022-10-19T18:27:58","modified_gmt":"2022-10-19T16:27:58","slug":"de-produkte","status":"publish","type":"page","link":"https:\/\/www.finnishplant.com\/?page_id=519","title":{"rendered":"de-produkte"},"content":{"rendered":"<div class=\"page-lang--menu\">\n<div class=\"page-lang--flags\">\n    <a href=\"https:\/\/www.finnishplant.com\/?page_id=501\"><img loading=\"lazy\" decoding=\"async\" class=\"alignnone size-full\" src=\"https:\/\/www.finnishplant.com\/wp-content\/uploads\/2021\/05\/fi.jpg\" alt=\"\" width=\"19\" height=\"14\"><\/a><a href=\"https:\/\/www.finnishplant.com\/?page_id=519\"><img loading=\"lazy\" decoding=\"async\" class=\"alignnone size-full\" src=\"https:\/\/www.finnishplant.com\/wp-content\/uploads\/2021\/05\/de.jpg\" alt=\"\" width=\"19\" height=\"14\"><\/a><a href=\"https:\/\/www.finnishplant.com\/?page_id=513\"><img loading=\"lazy\" decoding=\"async\" class=\"alignnone size-full\" src=\"https:\/\/www.finnishplant.com\/wp-content\/uploads\/2021\/05\/en.jpg\" alt=\"\" width=\"19\" height=\"14\"><\/a><\/div>\n<\/div>\n<div class=\"back-button\"><a href=\"https:\/\/www.finnishplant.com\/?page_id=518\">Zur\u00fcck<\/a><\/div>\n<div class=\"section-separator\"><\/div>\n<div id=\"rosenblutenkonfiture\" class=\"page-content\">\n<div class=\"section-logo\">\n    <img loading=\"lazy\" decoding=\"async\" class=\"alignnone\" src=\"https:\/\/www.finnishplant.com\/wp-content\/uploads\/2021\/05\/s.png\" alt=\"\" width=\"160\" height=\"49\"><\/div>\n<div class=\"page-image\">\n    <img loading=\"lazy\" decoding=\"async\" class=\"alignnone size-full\" src=\"https:\/\/www.finnishplant.com\/wp-content\/uploads\/2021\/05\/0.jpg\" alt=\"\" width=\"1288\" height=\"708\"><\/div>\n<h1 class=\"section-title\">Rosenbl\u00fctenkonfit\u00fcre<\/h1>\n<div class=\"page-text\">\n<p class=\"content-paragraph\">Die Rosenbl\u00fctenkonfit\u00fcre von Finnish Plant wird liebevoll vom Feld bis zum Tisch hergestellt. Die Bl\u00fcten der biologisch angebauten Rose werden von Juni bis September von Hand gesammelt und nur die besten Bl\u00fcten werden als Zutat f\u00fcr die Konfit\u00fcre gew\u00e4hlt. Der Zuckergehalt der Konfit\u00fcre (25 g \/ 100 g) ist moderat, damit der Hauptbestandteil, die Gartenrose Rosa Rugosa Hybrid am besten zur Geltung kommt.<\/p>\n<p class=\"content-paragraph\">Diese Bio-Delikatesse ist das perfekte Feinschmeckergeschenk, das f\u00fcr den Kochk\u00fcnstler die Welt der neuen Geschmackskombinationen er\u00f6ffnet. Es ist sowohl f\u00fcr Profis als auch f\u00fcr Hausk\u00f6che geeignet, um Speise- und Getr\u00e4nkeerlebnisse zu schaffen.<\/p>\n<p class=\"content-paragraph\">Der Geschmack der Rosenbl\u00fctenkonfit\u00fcre ist frisch, leicht bitter und anhaltend. Sie eignet sich zum Beispiel f\u00fcr K\u00e4se, Joghurt, Eis, Schokolade, Ente, Wild, Lamm und Wei\u00dffisch sowie f\u00fcr leckere Marinaden und Getr\u00e4nkemischungen.<\/p>\n<\/div>\n<h3 class=\"page-add-information\">Veredelt gastronomische Erlebnisse. Von Spitzenk\u00f6chen geliebt. Das perfekte kulinarische Geschenk.<\/h3>\n<div class=\"section-logo\"><img loading=\"lazy\" decoding=\"async\" class=\"alignnone\" src=\"https:\/\/www.finnishplant.com\/wp-content\/uploads\/2021\/05\/s.png\" alt=\"\" width=\"160\" height=\"49\"><\/div>\n<\/div>\n<div id=\"produktinformation\" class=\"page-content\">\n<h1 class=\"section-title\">Produktinformation<\/h1>\n<div class=\"page-collage-row page-image\">\n<div class=\"page-collage-column\">\n      <img loading=\"lazy\" decoding=\"async\" class=\"alignnone size-full\" src=\"https:\/\/www.finnishplant.com\/wp-content\/uploads\/2021\/05\/1-1.jpg\" alt=\"\" width=\"975\" height=\"691\"><\/div>\n<div class=\"page-collage-column\">\n      <img loading=\"lazy\" decoding=\"async\" class=\"alignnone size-full\" src=\"https:\/\/www.finnishplant.com\/wp-content\/uploads\/2021\/05\/2-2.jpg\" alt=\"\" width=\"926\" height=\"691\"><\/div>\n<\/div>\n<div class=\"page-text\">\n<p class=\"content-paragraph\"><b>N\u00e4hrwerte 100g:<\/b><br \/>\nEnergie 459 kJ \/ 110 kcal<br \/>\nKohlenhydrate 27g<br \/>\n(davon Zucker 25g)<br \/>\nFett 0g<br \/>\nProtein 0g<br \/>\nSalz 0g<\/p>\n<p class=\"content-paragraph\"><b>Zutaten:<\/b><br \/>\nWasser, Zucker, Rosenbl\u00e4tter * (15%), Johannisbeeren *, Zitrone *, Verdickungsmittel Pektin, S\u00e4ureregulator Zitronens\u00e4ure<\/p>\n<p style=\"text-align: right; margin-bottom: 5em;\" class=\"content-sources\">*Biologisch angebaut<\/p>\n<p class=\"content-paragraph\">Die Konfit\u00fcre am besten k\u00fchl und lichtgesch\u00fctzt aufbewahren. Haltbarkeit 11 Monate ab Herstellung. Nach dem \u00d6ffnen im K\u00fchlschrank ca. eine Woche haltbar.<\/p>\n<\/div>\n<h3 class=\"page-add-information\">Verbraucherprodukt 120 g, Glas EAN: 6430048400014<br \/>\nProdukt f\u00fcr professionelle K\u00fcche 460g, Glas EAN: 6430048400021<\/h3>\n<div class=\"section-logo\"><img loading=\"lazy\" decoding=\"async\" class=\"alignnone\" src=\"https:\/\/www.finnishplant.com\/wp-content\/uploads\/2021\/05\/s.png\" alt=\"\" width=\"160\" height=\"49\"><\/div>\n<\/div>\n<div id=\"gefriergetrocknete\" class=\"page-content\">\n<h1 class=\"section-title\">Gefriergetrocknete Rosenbl\u00e4tter<\/h1>\n<div class=\"page-image\">\n    <img loading=\"lazy\" decoding=\"async\" class=\"alignnone size-full\" src=\"https:\/\/www.finnishplant.com\/wp-content\/uploads\/2021\/05\/3.jpg\" alt=\"\" width=\"1903\" height=\"761\"><\/div>\n<div class=\"page-text\">\n<p class=\"content-paragraph\">Finnish Plant produziert gefriergetrocknete Rosenbl\u00e4tter aus der Bio Rosa Rugosa Hybrid Rose im hauseigenen Gefriertrockner. Das Gefriertrocknen von Blumen erfordert spezielle Ausr\u00fcstung und einen pr\u00e4zisen Prozess. Aber durch das Gefriertrocknen bleiben Farbe, Geschmack und N\u00e4hrstoffe hervorragend erhalten.<\/p>\n<p class=\"content-paragraph\">Gefriergetrocknete Rosenbl\u00e4tter werden in professionellen K\u00fcchen zum Dekorieren und W\u00fcrzen von Speisen und Getr\u00e4nken verwendet. Die Bl\u00fctenbl\u00e4tter eignen sich perfekt als Geschmackspaar f\u00fcr Schokolade und Champagner. Geschmacksluxus pur!<\/p>\n<p class=\"content-paragraph\">Das Produkt ist f\u00fcr den professionellen Gebrauch in einem luftdichten 30 g Beutel erh\u00e4ltlich.<\/p>\n<p class=\"content-paragraph\"><b>Zutaten:<\/b><br \/>\nGefriergetrocknete Bio Rosa Rugosa Hybrid Rosenbl\u00e4tter<\/p>\n<\/div>\n<h3 class=\"page-add-information\">Zum Dekorieren und Abschmecken von Speisen und Getr\u00e4nken.<\/h3>\n<div class=\"section-logo\"><img loading=\"lazy\" decoding=\"async\" class=\"alignnone\" src=\"https:\/\/www.finnishplant.com\/wp-content\/uploads\/2021\/05\/s.png\" alt=\"\" width=\"160\" height=\"49\"><\/div>\n<\/div>\n<div id=\"geschmackspaare\" class=\"page-content\">\n<h1 class=\"section-title\">Geschmackspaare f\u00fcr die Rose<\/h1>\n<div class=\"page-collage-row page-image\">\n<div class=\"page-collage-column\">\n      <img loading=\"lazy\" decoding=\"async\" style=\"margin: 0;\" class=\"alignnone size-full\" src=\"https:\/\/www.finnishplant.com\/wp-content\/uploads\/2021\/05\/s2k1-1.jpg\" alt=\"\" width=\"492\" height=\"350\"><br \/>\n<img loading=\"lazy\" decoding=\"async\" style=\"margin: 0;\" class=\"alignnone size-full\" src=\"https:\/\/www.finnishplant.com\/wp-content\/uploads\/2021\/05\/s2k1-2.jpg\" alt=\"\" width=\"493\" height=\"329\"><\/div>\n<div class=\"page-collage-column\">\n      <img loading=\"lazy\" decoding=\"async\" style=\"margin: 0;\" class=\"alignnone size-full\" src=\"https:\/\/www.finnishplant.com\/wp-content\/uploads\/2021\/05\/s2k1-3.jpg\" alt=\"\" width=\"418\" height=\"359\"><br \/>\n<img loading=\"lazy\" decoding=\"async\" style=\"margin: 0;\" class=\"alignnone size-full\" src=\"https:\/\/www.finnishplant.com\/wp-content\/uploads\/2021\/05\/s2k1-4.jpg\" alt=\"\" width=\"418\" height=\"329\"><\/div>\n<div class=\"page-collage-column\">\n      <img loading=\"lazy\" decoding=\"async\" style=\"margin: 0;\" class=\"alignnone size-full\" src=\"https:\/\/www.finnishplant.com\/wp-content\/uploads\/2021\/05\/s2k1-5.jpg\" alt=\"\" width=\"375\" height=\"709\"><\/div>\n<div class=\"page-collage-column\">\n      <img loading=\"lazy\" decoding=\"async\" style=\"margin: 0;\" class=\"alignnone size-full\" src=\"https:\/\/www.finnishplant.com\/wp-content\/uploads\/2021\/05\/s2k1-6.jpg\" alt=\"\" width=\"468\" height=\"351\"><br \/>\n<img loading=\"lazy\" decoding=\"async\" style=\"margin: 0;\" class=\"alignnone size-full\" src=\"https:\/\/www.finnishplant.com\/wp-content\/uploads\/2021\/05\/s2k1-7.jpg\" alt=\"\" width=\"468\" height=\"316\"><\/div>\n<\/div>\n<div class=\"page-collage-row page-image\">\n<div class=\"page-collage-column-flex\">\n<ul class=\"page-list\">\n<li>Cocktails (Champagner, Prosecco)<\/li>\n<li>Dessert (Joghurt und Quark)<\/li>\n<li>Geb\u00e4ck (Kreationen mit Schokolade)<\/li>\n<\/ul>\n<\/div>\n<div class=\"page-collage-column-flex\">\n<ul class=\"page-list\">\n<li>Fleisch (Ente, Schaf, Wild)<\/li>\n<li>Fisch und Meeresfr\u00fcchte (Wei\u00dffisch)<\/li>\n<li>K\u00e4se (Gruyere, Blauschimmel)<\/li>\n<\/ul>\n<\/div>\n<div class=\"page-collage-column-flex\">\n<ul class=\"page-list\">\n<li>Saucen (Geschmacksrichtung Zitrone und Obst)<\/li>\n<li>Suppen (Erbse, Tomate)<\/li>\n<li>Getr\u00e4nke (Kr\u00e4utertee, Holunderbl\u00fcten)<\/li>\n<\/ul>\n<\/div>\n<\/div>\n<h3 class=\"page-add-information\">Austern \/ Sekt und K\u00e4se \/ K\u00e4se und wilde Kr\u00e4uter \/ Schokolade und Pistazien \/ Wei\u00dfer Fisch<\/h3>\n<div class=\"section-logo\"><img loading=\"lazy\" decoding=\"async\" class=\"alignnone\" src=\"https:\/\/www.finnishplant.com\/wp-content\/uploads\/2021\/05\/s.png\" alt=\"\" width=\"160\" height=\"49\"><\/div>\n<\/div>\n","protected":false},"excerpt":{"rendered":"<p>Zur\u00fcck Rosenbl\u00fctenkonfit\u00fcre Die Rosenbl\u00fctenkonfit\u00fcre von Finnish Plant wird liebevoll vom Feld bis zum Tisch hergestellt. Die Bl\u00fcten der biologisch angebauten Rose werden von Juni bis September von Hand gesammelt und nur die besten Bl\u00fcten werden als Zutat f\u00fcr die Konfit\u00fcre gew\u00e4hlt. Der Zuckergehalt der Konfit\u00fcre (25 g \/ 100 g) ist moderat, damit der Hauptbestandteil, [&hellip;]<\/p>\n","protected":false},"author":1,"featured_media":0,"parent":0,"menu_order":0,"comment_status":"closed","ping_status":"closed","template":"page-templates\/full-width.php","meta":{"footnotes":""},"class_list":["post-519","page","type-page","status-publish","hentry"],"_links":{"self":[{"href":"https:\/\/www.finnishplant.com\/index.php?rest_route=\/wp\/v2\/pages\/519","targetHints":{"allow":["GET"]}}],"collection":[{"href":"https:\/\/www.finnishplant.com\/index.php?rest_route=\/wp\/v2\/pages"}],"about":[{"href":"https:\/\/www.finnishplant.com\/index.php?rest_route=\/wp\/v2\/types\/page"}],"author":[{"embeddable":true,"href":"https:\/\/www.finnishplant.com\/index.php?rest_route=\/wp\/v2\/users\/1"}],"replies":[{"embeddable":true,"href":"https:\/\/www.finnishplant.com\/index.php?rest_route=%2Fwp%2Fv2%2Fcomments&post=519"}],"version-history":[{"count":11,"href":"https:\/\/www.finnishplant.com\/index.php?rest_route=\/wp\/v2\/pages\/519\/revisions"}],"predecessor-version":[{"id":902,"href":"https:\/\/www.finnishplant.com\/index.php?rest_route=\/wp\/v2\/pages\/519\/revisions\/902"}],"wp:attachment":[{"href":"https:\/\/www.finnishplant.com\/index.php?rest_route=%2Fwp%2Fv2%2Fmedia&parent=519"}],"curies":[{"name":"wp","href":"https:\/\/api.w.org\/{rel}","templated":true}]}}