{"id":518,"date":"2021-05-10T22:05:03","date_gmt":"2021-05-10T20:05:03","guid":{"rendered":"http:\/\/www.finnishplant.com\/?page_id=518"},"modified":"2026-02-08T14:06:50","modified_gmt":"2026-02-08T12:06:50","slug":"de-titelseite","status":"publish","type":"page","link":"https:\/\/www.finnishplant.com\/?page_id=518","title":{"rendered":"de-titelseite"},"content":{"rendered":"<div class=\"page-lang--menu\">\n<div class=\"page-lang--flags\"><a href=\"https:\/\/www.finnishplant.com\/?page_id=500\"><img loading=\"lazy\" decoding=\"async\" class=\"alignnone size-full\" src=\"https:\/\/www.finnishplant.com\/wp-content\/uploads\/2021\/05\/fi.jpg\" alt=\"\" width=\"19\" height=\"14\" \/><\/a><a href=\"https:\/\/www.finnishplant.com\/?page_id=518\"><img loading=\"lazy\" decoding=\"async\" class=\"alignnone size-full\" src=\"https:\/\/www.finnishplant.com\/wp-content\/uploads\/2021\/05\/de.jpg\" alt=\"\" width=\"19\" height=\"14\" \/><\/a><a href=\"https:\/\/www.finnishplant.com\/?page_id=512\"><img loading=\"lazy\" decoding=\"async\" class=\"alignnone size-full\" src=\"https:\/\/www.finnishplant.com\/wp-content\/uploads\/2021\/05\/en.jpg\" alt=\"\" width=\"19\" height=\"14\" \/><\/a><\/div>\n<\/div>\n<div class=\"section-separator\"><\/div>\n<div class=\"section-logo\"><img loading=\"lazy\" decoding=\"async\" class=\"alignnone\" src=\"https:\/\/www.finnishplant.com\/wp-content\/uploads\/2021\/05\/s.png\" alt=\"\" width=\"160\" height=\"49\" \/><\/div>\n<div class=\"page-image\"><img loading=\"lazy\" decoding=\"async\" class=\"alignnone size-full\" src=\"https:\/\/www.finnishplant.com\/wp-content\/uploads\/2021\/05\/1.jpg\" alt=\"\" width=\"1288\" height=\"708\" \/><\/div>\n<div id=\"kosten-sie-die-rose\" class=\"page-content\">\n<h1 class=\"section-title\">Kosten Sie die Rose!<\/h1>\n<div class=\"page-collage-row-flex\">\n<div class=\"page-collage-row-flex--item\"><iframe loading=\"lazy\" title=\"YouTube video player\" src=\"https:\/\/www.youtube.com\/embed\/RyhFNmT6ZiY\" width=\"640\" height=\"385\" frameborder=\"0\" allowfullscreen=\"allowfullscreen\"><\/iframe><\/div>\n<div class=\"page-collage-row-flex--item\"><\/div>\n<\/div>\n<div class=\"page-text\">\n<p class=\"content-paragraph\">Finnish Plant z\u00fcchtet und baut finnische essbare Rosen in Vampula, S\u00fcdwestfinnland an. Rosa Rugosa Hybrid, die unter der Mitternachtssonne w\u00e4chst, ist die perfekte Kombination aus gesunden Anthocyanen und unnachahmlichem Geschmack.<\/p>\n<p class=\"content-paragraph\">&#8220;W\u00e4hrend der Windwirbel durch das Feld fegt, h\u00f6re ich Musik im Rascheln von Rosenbl\u00e4ttern. Sobald sich die Gelegenheit ergibt, muss ich zum Klavier. F\u00fcr einen musikliebhabenden Bauern \u00f6ffnet sich die Quelle der Kreativit\u00e4t hinter dem Fenster zu Hause.&#8221;<\/p>\n<p class=\"content-paragraph\">Matti \u00fcber das Werk &#8220;Working with Roses&#8221;<\/p>\n<\/div>\n<div class=\"section-logo\"><img loading=\"lazy\" decoding=\"async\" class=\"alignnone\" src=\"https:\/\/www.finnishplant.com\/wp-content\/uploads\/2021\/05\/s.png\" alt=\"\" width=\"160\" height=\"49\" \/><\/div>\n<\/div>\n<div id=\"produkte\" class=\"page-content\">\n<h1 class=\"section-title\">Produkte<\/h1>\n<div class=\"page-image\"><a href=\"https:\/\/www.finnishplant.com\/?page_id=519\"><br \/>\n<img loading=\"lazy\" decoding=\"async\" class=\"alignnone size-full\" src=\"https:\/\/www.finnishplant.com\/wp-content\/uploads\/2021\/05\/2-1.jpg\" alt=\"tuotteet\" width=\"1811\" height=\"717\" \/><br \/>\n<\/a><\/div>\n<div class=\"page-text\">\n<p class=\"content-paragraph\"><a href=\"https:\/\/www.finnishplant.com\/?page_id=519\">Die Rosenbl\u00fctenkonfit\u00fcre von Finnish Plant<\/a> wird liebevoll vom Feld bis zum Tisch hergestellt. Diese Bio-Delikatesse ist das perfekte Feinschmecker-Geschenk, denn sie er\u00f6ffnet die Welt neuer Geschmackskombinationen.<\/p>\n<p class=\"content-paragraph\"><a href=\"https:\/\/www.finnishplant.com\/?page_id=519\/#geschmackspaare\">Der Geschmack der Rosenbl\u00fctenkonfit\u00fcre<\/a> ist frisch, leicht bitter und anhaltend. Sie veredelt kulinarische Erlebnisse und eignet sich zum Beispiel f\u00fcr leckere Marinaden und Getr\u00e4nkemischungen.<\/p>\n<p class=\"content-paragraph\"><a href=\"https:\/\/www.finnishplant.com\/?page_id=519\/#gefriergetrocknete\">Die gefriergetrockneten Rosenbl\u00fcten von Finnish Plant<\/a> werden aus biologisch angebauten Rosa Rugosa Hybrid-Rosen im firmeneigenen Gefriertrockner hergestellt. Die Methode bewahrt die wunderbare Farbe, den Geschmack und die N\u00e4hrstoffe.<\/p>\n<\/div>\n<div class=\"section-logo\"><img loading=\"lazy\" decoding=\"async\" class=\"alignnone\" src=\"https:\/\/www.finnishplant.com\/wp-content\/uploads\/2021\/05\/s.png\" alt=\"\" width=\"160\" height=\"49\" \/><\/div>\n<\/div>\n<div id=\"leckereien\" class=\"page-content\">\n<h1 class=\"section-title\">Leckereien<\/h1>\n<div class=\"page-collage-row page-image\">\n<div class=\"page-collage-column\">\n<div class=\"page-collage--image\"><a href=\"https:\/\/www.finnishplant.com\/?page_id=520\/#rosen-baiser\"><br \/>\n<img loading=\"lazy\" decoding=\"async\" class=\"alignnone size-full\" src=\"https:\/\/www.finnishplant.com\/wp-content\/uploads\/2021\/05\/k0-1.jpg\" alt=\"\" width=\"333\" height=\"333\" \/><br \/>\n<\/a><span class=\"collage-info--black\" style=\"transform: translate(-50%);\">Image: Viljattomanvallaton<\/span><\/div>\n<div class=\"page-collage--image\"><a href=\"https:\/\/www.finnishplant.com\/?page_id=520\/#rosiger-kase-guide\"><br \/>\n<img loading=\"lazy\" decoding=\"async\" class=\"alignnone size-full\" src=\"https:\/\/www.finnishplant.com\/wp-content\/uploads\/2021\/05\/k0-2.jpg\" alt=\"\" width=\"333\" height=\"333\" \/><br \/>\n<\/a><span class=\"collage-info--white\" style=\"transform: translate(-50%);\">Image: Soupopera<\/span><\/div>\n<\/div>\n<div class=\"page-collage-column\">\n<div class=\"page-collage--image\"><a href=\"https:\/\/www.finnishplant.com\/?page_id=520\/#rosige-erbsensuppe\"><br \/>\n<img loading=\"lazy\" decoding=\"async\" class=\"alignnone size-full\" src=\"https:\/\/www.finnishplant.com\/wp-content\/uploads\/2021\/05\/k0-3.jpg\" alt=\"\" width=\"333\" height=\"333\" \/><br \/>\n<\/a><\/div>\n<div class=\"page-collage--image\"><a href=\"https:\/\/www.finnishplant.com\/?page_id=520\/#rosiger-rocky-road\"><br \/>\n<img loading=\"lazy\" decoding=\"async\" class=\"alignnone size-full\" src=\"https:\/\/www.finnishplant.com\/wp-content\/uploads\/2021\/05\/k0-4.jpg\" alt=\"\" width=\"333\" height=\"333\" \/><br \/>\n<\/a><\/div>\n<\/div>\n<div class=\"page-collage-column\">\n<div class=\"page-collage--image\"><a><br \/>\n<img loading=\"lazy\" decoding=\"async\" class=\"alignnone size-full\" src=\"https:\/\/www.finnishplant.com\/wp-content\/uploads\/2021\/05\/k0-5.jpg\" alt=\"\" width=\"313\" height=\"686\" \/><br \/>\n<\/a><span class=\"collage-info--white\" style=\"transform: translate(-50%);\">Image: Stephatable<\/span><\/div>\n<\/div>\n<div class=\"page-collage-column\">\n<div class=\"page-collage--image\"><a href=\"https:\/\/www.finnishplant.com\/?page_id=520\/#sekt\"><br \/>\n<img loading=\"lazy\" decoding=\"async\" class=\"alignnone size-full\" src=\"https:\/\/www.finnishplant.com\/wp-content\/uploads\/2021\/05\/k0-6.jpg\" alt=\"\" width=\"333\" height=\"333\" \/><br \/>\n<\/a><span class=\"collage-info--white\" style=\"transform: translate(-50%);\">Image: Jennifer Delhotellerie<\/span><\/div>\n<div class=\"page-collage--image\"><a><br \/>\n<img loading=\"lazy\" decoding=\"async\" class=\"alignnone size-full\" src=\"https:\/\/www.finnishplant.com\/wp-content\/uploads\/2021\/05\/k0-7.jpg\" alt=\"\" width=\"333\" height=\"333\" \/><br \/>\n<\/a><\/div>\n<\/div>\n<div class=\"page-collage-column\">\n<div class=\"page-collage--image\"><a href=\"https:\/\/www.finnishplant.com\/?page_id=520\/#just-for-you\"><br \/>\n<img loading=\"lazy\" decoding=\"async\" class=\"alignnone size-full\" src=\"https:\/\/www.finnishplant.com\/wp-content\/uploads\/2021\/05\/k0-8.jpg\" alt=\"\" width=\"332\" height=\"330\" \/><br \/>\n<\/a><span class=\"collage-info--black\" style=\"transform: translate(-50%);\">Image: Mika Lev\u00e4lampi<\/span><\/div>\n<div class=\"page-collage--image\"><a><br \/>\n<img loading=\"lazy\" decoding=\"async\" class=\"alignnone size-full\" src=\"https:\/\/www.finnishplant.com\/wp-content\/uploads\/2021\/05\/k0-9.jpg\" alt=\"\" width=\"333\" height=\"333\" \/><br \/>\n<\/a><span class=\"collage-info--white\" style=\"transform: translate(-50%);\">Image: Action Finland<\/span><\/div>\n<\/div>\n<\/div>\n<div class=\"page-text\">\n<p class=\"content-paragraph\">Rosen essen macht gl\u00fccklich. Die Rose inspiriert. Die Rose tr\u00e4gt zur Romantik bei. Die Rose macht das Fest. Hier finden Sie k\u00f6stliche Rezepte. Kennenlernen und sich begeistern lassen. Hier gehts zu den <a href=\"https:\/\/www.finnishplant.com\/?page_id=520\">leckereien.<\/a><\/p>\n<\/div>\n<div class=\"section-logo\"><img loading=\"lazy\" decoding=\"async\" class=\"alignnone\" src=\"https:\/\/www.finnishplant.com\/wp-content\/uploads\/2021\/05\/s.png\" alt=\"\" width=\"160\" height=\"49\" \/><\/div>\n<\/div>\n<div id=\"erfahrungen\" class=\"page-content\">\n<h1 class=\"section-title\">Rosige Erfahrungen<\/h1>\n<div class=\"page-collage-row page-image\">\n<div class=\"page-collage-column\">\n<div class=\"page-collage--image\"><a href=\"https:\/\/www.finnishplant.com\/?page_id=521\/#dokumentarfilm\"><br \/>\n<img loading=\"lazy\" decoding=\"async\" class=\"alignnone size-full\" src=\"https:\/\/www.finnishplant.com\/wp-content\/uploads\/2021\/05\/k1-1.jpg\" alt=\"\" width=\"553\" height=\"553\" \/><br \/>\n<\/a><\/p>\n<div class=\"collage-info--white\">Image: Action Finland<\/div>\n<\/div>\n<\/div>\n<div class=\"page-collage-column\">\n<div class=\"page-collage--image\"><a href=\"https:\/\/www.finnishplant.com\/?page_id=521\/#raten-wer-rosenessen-mag\"><br \/>\n<img loading=\"lazy\" decoding=\"async\" class=\"alignnone size-full\" src=\"https:\/\/www.finnishplant.com\/wp-content\/uploads\/2021\/05\/k1-2.jpg\" alt=\"\" width=\"553\" height=\"553\" \/><br \/>\n<\/a><\/p>\n<div class=\"collage-info--white\">Image: Action Finland<\/div>\n<\/div>\n<\/div>\n<div class=\"page-collage-column\">\n<div class=\"page-collage--image\"><a href=\"https:\/\/www.finnishplant.com\/?page_id=521\/#begegnungen\"><br \/>\n<img loading=\"lazy\" decoding=\"async\" class=\"alignnone size-full\" src=\"https:\/\/www.finnishplant.com\/wp-content\/uploads\/2021\/05\/k1-3.jpg\" alt=\"\" width=\"553\" height=\"553\" \/><br \/>\n<\/a><\/p>\n<div class=\"collage-info--white\"><a style=\"color: white;\" href=\"https:\/\/finntastic.de\/\" target=\"_blank\" rel=\"noopener\">Image: Finntastic<\/a><\/div>\n<\/div>\n<\/div>\n<\/div>\n<div class=\"page-text\">\n<p class=\"content-paragraph\">Die Rosenbl\u00fctenkonfit\u00fcre von Finnish Plant erobert die Welt und viele Spitzenchefs haben sich in die M\u00f6glichkeiten verliebt, die sich aus dem Produkt ergeben. Das Produkt hat auch die Journalisten nicht kalt gelassen. So haben unter anderem franz\u00f6sische und deutsche Medienvertreter Finnish Plant in Vampula besucht. <a href=\"https:\/\/www.finnishplant.com\/?page_id=521\">Mehr lesen: Rosige Erfahrungen.<\/a><\/p>\n<\/div>\n<div class=\"section-logo\"><img loading=\"lazy\" decoding=\"async\" class=\"alignnone\" src=\"https:\/\/www.finnishplant.com\/wp-content\/uploads\/2021\/05\/s.png\" alt=\"\" width=\"160\" height=\"49\" \/><\/div>\n<\/div>\n<div id=\"rose\" class=\"page-content\">\n<h1 class=\"section-title\">Rose<\/h1>\n<div class=\"page-collage-row page-image\">\n<div class=\"page-collage-column\">\n<div class=\"page-collage--image\"><a href=\"https:\/\/www.finnishplant.com\/?page_id=522\/#die-rose-am-esstisch\"><br \/>\n<img loading=\"lazy\" decoding=\"async\" class=\"alignnone size-full\" src=\"https:\/\/www.finnishplant.com\/wp-content\/uploads\/2021\/05\/k2-1.jpg\" alt=\"\" width=\"626\" height=\"327\" \/><br \/>\n<\/a><\/p>\n<div class=\"collage-info--black\">Image: Soupopera<\/div>\n<\/div>\n<div class=\"page-collage--image\"><a href=\"https:\/\/www.finnishplant.com\/?page_id=522\/#rose\"><br \/>\n<img loading=\"lazy\" decoding=\"async\" class=\"alignnone size-full\" src=\"https:\/\/www.finnishplant.com\/wp-content\/uploads\/2021\/05\/k2-3.jpg\" alt=\"\" width=\"626\" height=\"352\" \/><br \/>\n<\/a><\/div>\n<\/div>\n<div class=\"page-collage-column\">\n<div class=\"page-collage--image\"><a href=\"https:\/\/www.finnishplant.com\/?page_id=522\/#die-gesundheitsfordernde-rose\"><br \/>\n<img loading=\"lazy\" decoding=\"async\" class=\"alignnone size-full\" src=\"https:\/\/www.finnishplant.com\/wp-content\/uploads\/2021\/05\/k2-2.jpg\" alt=\"\" width=\"632\" height=\"323\" \/><\/a><\/p>\n<div class=\"collage-info--black\">Image: Ace<\/div>\n<\/div>\n<div class=\"page-collage--image\"><a href=\"https:\/\/www.finnishplant.com\/?page_id=522\/#rosa-rugosa\"><br \/>\n<img loading=\"lazy\" decoding=\"async\" class=\"alignnone size-full\" src=\"https:\/\/www.finnishplant.com\/wp-content\/uploads\/2021\/05\/k2-4.jpg\" alt=\"\" width=\"632\" height=\"352\" \/><br \/>\n<\/a><\/div>\n<\/div>\n<\/div>\n<div class=\"page-text\">\n<p class=\"content-paragraph\">Die Rose ist die K\u00f6nigin der Blumen, aber wussten Sie, dass es sich auch um eine echte Gesundheitsbombe handelt? Die Rose geh\u00f6rt seit jeher zum Esstisch. Die Rosa Rugosa Hybrid, die gute N\u00e4hrwerte und einen raffinierten Geschmack aufweist, eignet sich ideal als essbare Rose. Die vielseitige Rose in den <a href=\"https:\/\/www.finnishplant.com\/?page_id=522\">Artikeln kennenlernen.<\/a><\/p>\n<\/div>\n<div class=\"section-logo\"><img loading=\"lazy\" decoding=\"async\" class=\"alignnone\" src=\"https:\/\/www.finnishplant.com\/wp-content\/uploads\/2021\/05\/s.png\" alt=\"\" width=\"160\" height=\"49\" \/><\/div>\n<\/div>\n<div id=\"unternehmen\" class=\"page-content\">\n<h1 class=\"section-title\">Unternehmen<\/h1>\n<h1 class=\"section-title\"><a style=\"text-align: right; font-size: 1rem;\" href=\"https:\/\/www.finnishplant.com\/?page_id=523\/#geschichte\"><img loading=\"lazy\" decoding=\"async\" class=\"alignnone size-full\" src=\"https:\/\/www.finnishplant.com\/wp-content\/uploads\/2021\/05\/k3-2.jpg\" alt=\"\" width=\"341\" height=\"340\" \/><\/a><\/h1>\n<div class=\"page-collage-row page-image\">\n<div class=\"page-collage-column\" style=\"text-align: center;\"><a href=\"https:\/\/www.finnishplant.com\/?page_id=523\/#unternehmen\"><img loading=\"lazy\" decoding=\"async\" class=\"alignnone size-full alignleft\" src=\"https:\/\/www.finnishplant.com\/wp-content\/uploads\/2021\/05\/k3-3.jpg\" alt=\"\" width=\"341\" height=\"341\" \/><\/a><br \/>\n<a href=\"https:\/\/www.finnishplant.com\/?page_id=523\/#biologischer-anbau\"><img loading=\"lazy\" decoding=\"async\" class=\"size-full alignleft\" src=\"https:\/\/www.finnishplant.com\/wp-content\/uploads\/2021\/05\/k3-4.jpg\" alt=\"\" width=\"341\" height=\"340\" \/><\/a><\/div>\n<div class=\"page-collage-column\" style=\"text-align: left;\"><a href=\"https:\/\/www.finnishplant.com\/?page_id=523\/#geschichte\"><img loading=\"lazy\" decoding=\"async\" class=\"alignnone size-full\" src=\"https:\/\/www.finnishplant.com\/wp-content\/uploads\/2021\/05\/k3-5.jpg\" alt=\"\" width=\"341\" height=\"341\" \/><\/a><br \/>\n<a href=\"https:\/\/www.finnishplant.com\/?page_id=523\/#unternehmen\"><img loading=\"lazy\" decoding=\"async\" class=\"alignnone size-full\" src=\"https:\/\/www.finnishplant.com\/wp-content\/uploads\/2021\/05\/k3-6.jpg\" alt=\"\" width=\"341\" height=\"340\" \/><\/a><\/div>\n<\/div>\n<div class=\"page-text\">\n<p class=\"content-paragraph\">In Vampula, Westfinnland, betreiben Tuuli und Matti das Gut, das Mattis Familie seit Generationen geh\u00f6rt und auf dem 20 km Bio-Rosen wachsen. Eigentlich begann alles mit Mattis Ambitionen in der Musik. Als die Welteroberung der Finnish Percussion Kong-Trommeln mit dem Zusammenbruch des Dollars ein Ende gesetzt wurde, blieb ihm aber das Gl\u00fchen, etwas Einzigartiges zu tun. In Tuuli hat Matti eine Partnerin gefunden, die seine Leidenschaft f\u00fcr Rosen teilte. Die Buchstaben FP stehen nun statt f\u00fcr Finnish Percussion f\u00fcr Finnish Plant, als es dem Paar klar wurde, dass sie Rosen professionell anbauen wollten. <a href=\"https:\/\/www.finnishplant.com\/?page_id=523(opens in a new tab)\">Mehr lesen.<\/a><\/p>\n<\/div>\n<div class=\"section-logo\"><img loading=\"lazy\" decoding=\"async\" class=\"alignnone\" src=\"https:\/\/www.finnishplant.com\/wp-content\/uploads\/2021\/05\/s.png\" alt=\"\" width=\"160\" height=\"49\" \/><\/div>\n<\/div>\n<div id=\"nachrichten\" class=\"page-content\">\n<h1 class=\"section-title\">Nachrichten<\/h1>\n<div class=\"page-collage-row page-image\">\n<div class=\"page-collage-column page-image\"><a href=\"https:\/\/www.facebook.com\/finnishplant\" target=\"_blank\" rel=\"noopener\"><br \/>\n<img loading=\"lazy\" decoding=\"async\" class=\"alignnone size-full\" style=\"width: 50%;\" src=\"https:\/\/www.finnishplant.com\/wp-content\/uploads\/2021\/05\/3.png\" alt=\"\" width=\"511\" height=\"437\" \/><br \/>\n<\/a><\/div>\n<div class=\"page-collage-column page-image\"><a href=\"https:\/\/www.instagram.com\/finnishplant\/\" target=\"_blank\" rel=\"noopener\"><br \/>\n<img loading=\"lazy\" decoding=\"async\" class=\"alignnone size-full\" style=\"width: 50%;\" src=\"https:\/\/www.finnishplant.com\/wp-content\/uploads\/2021\/05\/4.png\" alt=\"\" width=\"523\" height=\"437\" \/><br \/>\n<\/a><\/div>\n<\/div>\n<div class=\"page-text\">\n<p class=\"content-paragraph\" style=\"text-align: center;\">Es ist etwas los bei Finnish Plant und die Rosenbl\u00fctenkonfit\u00fcre ist ein Thema sowohl in professionellen als auch in Heimk\u00fcchen. Schauen Sie vorbei und geben Sie Feedback!<\/p>\n<\/div>\n<div class=\"section-logo\"><img loading=\"lazy\" decoding=\"async\" class=\"alignnone\" src=\"https:\/\/www.finnishplant.com\/wp-content\/uploads\/2021\/05\/s.png\" alt=\"\" width=\"160\" height=\"49\" \/><\/div>\n<\/div>\n<div class=\"page-content\">\n<h1 class=\"section-title\">Kontaktieren Sie uns<\/h1>\n<div class=\"page-image\">\n<div class=\"page-collage--image\"><img loading=\"lazy\" decoding=\"async\" class=\"alignnone size-full\" src=\"https:\/\/www.finnishplant.com\/wp-content\/uploads\/2021\/05\/5.jpg\" alt=\"\" width=\"1661\" height=\"698\" \/><\/p>\n<div class=\"collage-info--white\">Image: Jennifer Delhotellerie<\/div>\n<\/div>\n<\/div>\n<div id=\"kontaktieren-sie-uns\" class=\"page-text--center\">\n<p class=\"content-paragraph\" style=\"margin-top: 5em;\">FP-Kotaja Oy Finnish Plant<br \/>\nTanokkaantie 56<br \/>\n32610 Vampula<br \/>\nFinland<br \/>\nUmsatzsteuernummer: FI05117208<br \/>\nfinnish.plant(at)fpkotaja.com<br \/>\nMatti Kotaja +358 50 032 9630<br \/>\nTuuli Kotaja +358 50 547 4881<\/p>\n<p><a href=\"https:\/\/www.oivahymy.fi\/api\/raportti\/243685\"><img loading=\"lazy\" decoding=\"async\" class=\"alignnone size-full wp-image-963\" src=\"https:\/\/www.finnishplant.com\/wp-content\/uploads\/2025\/11\/oiva-logo.png\" alt=\"\" width=\"158\" height=\"52\" \/><\/a><\/p>\n<\/div>\n<div class=\"section-eu\"><img loading=\"lazy\" decoding=\"async\" class=\"alignnone size-full\" src=\"https:\/\/www.finnishplant.com\/wp-content\/uploads\/2021\/05\/eu.jpg\" alt=\"\" width=\"200\" height=\"35\" \/><\/div>\n<div class=\"section-logo\"><img loading=\"lazy\" decoding=\"async\" class=\"alignnone\" src=\"https:\/\/www.finnishplant.com\/wp-content\/uploads\/2021\/05\/s.png\" alt=\"\" width=\"160\" height=\"49\" \/><\/div>\n<\/div>\n","protected":false},"excerpt":{"rendered":"<p>Kosten Sie die Rose! Finnish Plant z\u00fcchtet und baut finnische essbare Rosen in Vampula, S\u00fcdwestfinnland an. Rosa Rugosa Hybrid, die unter der Mitternachtssonne w\u00e4chst, ist die perfekte Kombination aus gesunden Anthocyanen und unnachahmlichem Geschmack. &#8220;W\u00e4hrend der Windwirbel durch das Feld fegt, h\u00f6re ich Musik im Rascheln von Rosenbl\u00e4ttern. Sobald sich die Gelegenheit ergibt, muss ich [&hellip;]<\/p>\n","protected":false},"author":1,"featured_media":0,"parent":0,"menu_order":0,"comment_status":"closed","ping_status":"closed","template":"page-templates\/full-width.php","meta":{"footnotes":""},"class_list":["post-518","page","type-page","status-publish","hentry"],"_links":{"self":[{"href":"https:\/\/www.finnishplant.com\/index.php?rest_route=\/wp\/v2\/pages\/518","targetHints":{"allow":["GET"]}}],"collection":[{"href":"https:\/\/www.finnishplant.com\/index.php?rest_route=\/wp\/v2\/pages"}],"about":[{"href":"https:\/\/www.finnishplant.com\/index.php?rest_route=\/wp\/v2\/types\/page"}],"author":[{"embeddable":true,"href":"https:\/\/www.finnishplant.com\/index.php?rest_route=\/wp\/v2\/users\/1"}],"replies":[{"embeddable":true,"href":"https:\/\/www.finnishplant.com\/index.php?rest_route=%2Fwp%2Fv2%2Fcomments&post=518"}],"version-history":[{"count":25,"href":"https:\/\/www.finnishplant.com\/index.php?rest_route=\/wp\/v2\/pages\/518\/revisions"}],"predecessor-version":[{"id":972,"href":"https:\/\/www.finnishplant.com\/index.php?rest_route=\/wp\/v2\/pages\/518\/revisions\/972"}],"wp:attachment":[{"href":"https:\/\/www.finnishplant.com\/index.php?rest_route=%2Fwp%2Fv2%2Fmedia&parent=518"}],"curies":[{"name":"wp","href":"https:\/\/api.w.org\/{rel}","templated":true}]}}