{"id":514,"date":"2021-05-10T22:06:02","date_gmt":"2021-05-10T20:06:02","guid":{"rendered":"http:\/\/www.finnishplant.com\/?page_id=514"},"modified":"2022-10-17T18:49:13","modified_gmt":"2022-10-17T16:49:13","slug":"goodies","status":"publish","type":"page","link":"https:\/\/www.finnishplant.com\/?page_id=514","title":{"rendered":"en-goodies"},"content":{"rendered":"<div class=\"page-lang--menu\">\n<div class=\"page-lang--flags\">\n    <a href=\"https:\/\/www.finnishplant.com\/?page_id=502\"><img loading=\"lazy\" decoding=\"async\" class=\"alignnone size-full\" src=\"https:\/\/www.finnishplant.com\/wp-content\/uploads\/2021\/05\/fi.jpg\" alt=\"\" width=\"19\" height=\"14\"><\/a><a href=\"https:\/\/www.finnishplant.com\/?page_id=520\"><img loading=\"lazy\" decoding=\"async\" class=\"alignnone size-full\" src=\"https:\/\/www.finnishplant.com\/wp-content\/uploads\/2021\/05\/de.jpg\" alt=\"\" width=\"19\" height=\"14\"><\/a><a href=\"https:\/\/www.finnishplant.com\/?page_id=514\"><img loading=\"lazy\" decoding=\"async\" class=\"alignnone size-full\" src=\"https:\/\/www.finnishplant.com\/wp-content\/uploads\/2021\/05\/en.jpg\" alt=\"\" width=\"19\" height=\"14\"><\/a><\/div>\n<\/div>\n<div class=\"section-logo\"><img loading=\"lazy\" decoding=\"async\" class=\"alignnone\" src=\"https:\/\/www.finnishplant.com\/wp-content\/uploads\/2021\/05\/s.png\" alt=\"\" width=\"160\" height=\"49\"><\/div>\n<div class=\"back-button\"><a href=\"https:\/\/www.finnishplant.com\/?page_id=512\">Back<\/a><\/div>\n<div id=\"rose-meringue\" class=\"page-content\">\n<h1 class=\"section-title\">Rose Meringue<\/h1>\n<p class=\"page-recipe--name\">Recipe: Sari \/ <a href=\"https:\/\/viljattomanvallaton.blogspot.com\/\" style=\"color: #af9b66;\" target=\"_blank\" rel=\"noopener\">Viljattoman Vallaton blog<\/a><\/p>\n<div class=\"page-collage-row page-image\">\n<div class=\"page-collage-column\">\n      <img loading=\"lazy\" decoding=\"async\" class=\"alignnone size-full\" src=\"https:\/\/www.finnishplant.com\/wp-content\/uploads\/2021\/05\/0-1.jpg\" alt=\"\" width=\"1009\" height=\"635\"><\/div>\n<div class=\"page-collage-column\">\n<h3 class=\"page-recipe--tittle\">Ingredients:<\/h3>\n<p class=\"page-recipe\">ca. 30 pcs<br \/>\n4 egg whites<br \/>\n1 2\/3 cups sugar<br \/>\n2 tsp potato flour<br \/>\n1 tsp lemon juice<br \/>\n1 tsp vanilla sugar<br \/>\n2 tsp Rose Petal Confiture<\/p>\n<\/div>\n<\/div>\n<div class=\"section-separator\"><\/div>\n<div class=\"page-text\">\n<ol class=\"page-recipe--list\">\n<li><span class=\"page-recipe--list-item\">Separate the egg whites.<\/span><\/li>\n<li><span class=\"page-recipe--list-item\">Measure half of the sugar in a bowl. Measure the rest of the sugar in another bowl and stir in the potato flour and vanilla.<\/span><\/li>\n<li><span class=\"page-recipe--list-item\">Beat the egg whites with an electric hand whisk in a steel or glass bowl until stiff. Gradually add the plain sugar while beating continuously. Then, gradually add the sugar-potato flour mixture. Continue beating until the meringue is thick and glossy. Finally, mix the lemon juice and jam with the meringue.<\/span><\/li>\n<li><span class=\"page-recipe--list-item\">Scoop the meringue foam into a piping bag and pipe the meringues on a baking sheet lined with baking paper.<\/span><\/li>\n<li><span class=\"page-recipe--list-item\">Bake for 2 hours in a fan oven at 90C until crisp. Leave to cool on the tray.<\/span><\/li>\n<\/ol>\n<\/div>\n<div class=\"section-logo\"><img loading=\"lazy\" decoding=\"async\" class=\"alignnone\" src=\"https:\/\/www.finnishplant.com\/wp-content\/uploads\/2021\/05\/s.png\" alt=\"\" width=\"160\" height=\"49\"><\/div>\n<\/div>\n<div id=\"rosey-rocky-road\" class=\"page-content\">\n<h1 class=\"section-title\">Rose-y Rocky Road<\/h1>\n<div class=\"page-collage-row page-image\">\n<div class=\"page-collage-column\">\n<h3 class=\"page-recipe--tittle\">Ingredients:<\/h3>\n<p class=\"page-recipe\">30 pcs Rose meringue, see recipe above<br \/>\n150g pistachios, peeled<br \/>\n70g dark chocolate<br \/>\nFreeze dried rose petals<\/p>\n<\/div>\n<div class=\"page-collage-column\">\n      <img loading=\"lazy\" decoding=\"async\" class=\"alignnone size-full\" src=\"https:\/\/www.finnishplant.com\/wp-content\/uploads\/2021\/05\/1-2.jpg\" alt=\"\" width=\"892\" height=\"596\"><\/div>\n<\/div>\n<div class=\"section-separator\"><\/div>\n<div class=\"page-text\">\n<ol class=\"page-recipe--list\">\n<li><span class=\"page-recipe--list-item\">Prepare the meringues according to the Rose Meringue recipe.<\/span><\/li>\n<li><span class=\"page-recipe--list-item\">Crush the peeled pistachios so that the texture remains coarse.<\/span><\/li>\n<li><span class=\"page-recipe--list-item\">Melt the chocolate in a bowl in a bain-marie or microwave. Be careful not to burn.<\/span><\/li>\n<li><span class=\"page-recipe--list-item\">Place the meringues on the serving plate. Sprinkle with pistachios and drizzle with melted chocolate.<\/span><\/li>\n<li><span class=\"page-recipe--list-item\">Garnish with rose petals and allow to cool in room temperature until the chocolate has hardened. Serve with coffee or tea.<\/span><\/li>\n<\/ol>\n<\/div>\n<div class=\"section-logo\"><img loading=\"lazy\" decoding=\"async\" class=\"alignnone\" src=\"https:\/\/www.finnishplant.com\/wp-content\/uploads\/2021\/05\/s.png\" alt=\"\" width=\"160\" height=\"49\"><\/div>\n<\/div>\n<div id=\"rosey-strawberry-roll\" class=\"page-content\">\n<h1 class=\"section-title\">Rose-y Strawberry Roll<\/h1>\n<p class=\"page-recipe--name\">Recipe: Sanna Kek\u00e4l\u00e4inen (Yhteishyv\u00e4 \/ Food Market Herkku)<\/p>\n<div class=\"page-collage-row page-image\">\n<div class=\"page-collage-column\">\n      <a href=\"\"><br \/>\n<img loading=\"lazy\" decoding=\"async\" class=\"alignnone size-full\" src=\"https:\/\/www.finnishplant.com\/wp-content\/uploads\/2021\/05\/2-3.jpg\" alt=\"\" width=\"880\" height=\"566\"><br \/>\n<\/a><span style=\"transform: translate(-50%);\" class=\"collage-info--black\">Image: Reetta Pasanen<\/span><\/div>\n<div class=\"page-collage-column\">\n<h3 class=\"page-recipe--tittle\">Sponge:<\/h3>\n<p class=\"page-recipe\">8 eggs<br \/>\n2 cups sugar<br \/>\n2 tsp vanilla sugar<br \/>\n1 cup wheat flour<br \/>\n1 cup potato flour<br \/>\n2 tsp baking powder<\/p>\n<\/div>\n<div class=\"page-collage-column\">\n<h3 class=\"page-recipe--tittle\">Filling:<\/h3>\n<p class=\"page-recipe\">2 cups cream<br \/>\n200 g strawberry flavoured curd<br \/>\n2\/3 cup sugar<br \/>\n400 g strawberries<br \/>\n120 g strawberry jam<br \/>\n120 g Rose Petal Confiture<\/p>\n<\/div>\n<\/div>\n<div class=\"section-separator\"><\/div>\n<div class=\"page-text\">\n<ol class=\"page-recipe--list\">\n<li><span class=\"page-recipe--list-item\">Prepare the sponge. Beat the eggs and sugar with an electric mixer for about 5 minutes until fluffy. Mix the dry ingredients together and add to the egg foam through a sieve. Stir quickly with a wooden fork. Spread batter onto two baking sheets covered with baking paper. Bake for 7 mins at 225C (fan oven 200C).<\/span><\/li>\n<li><span class=\"page-recipe--list-item\">Prepare the filling. Whip the cream, curd and sugar to foam. Cut the strawberries into small cubes.<\/span><\/li>\n<li><span class=\"page-recipe--list-item\">Open the rolled sponges. Cut the edges even. Cut the sponges lengthwise in half into equal parts. You can use a ruler or cut a &#8220;formula&#8221; from paper. Spread the strawberry jam on two sheets and the Rose Petal Confiture on two sheets. Top with cream-curd and strawberries. Place the sponges next to each other in a row and wrap into a thick, tight roll. Wrap tightly in baking paper and then in foil. Put the roll upright and allow to set in the fridge for at least an hour.<\/span><\/li>\n<li><span class=\"page-recipe--list-item\">Whisk 1 1\/3 cups cream and 2 tablespoons of sugar till fluffy. Spread evenly on top and sides of the cake. Garnish with rose meringue, strawberries, mint leaves or rose petals.<\/span><\/li>\n<\/ol>\n<\/div>\n<div class=\"section-logo\"><img loading=\"lazy\" decoding=\"async\" class=\"alignnone\" src=\"https:\/\/www.finnishplant.com\/wp-content\/uploads\/2021\/05\/s.png\" alt=\"\" width=\"160\" height=\"49\"><\/div>\n<\/div>\n<div id=\"rose-gateau\" class=\"page-content\">\n<h1 class=\"section-title\">Rose Gateau<\/h1>\n<p class=\"page-recipe--name\">Recipe: <a href=\"https:\/\/www.kinuskikissa.fi\/\" style=\"color: #af9b66;\" target=\"_blank\" rel=\"noopener\">kinuskikissa.fi<\/a> \/ hannaleena<\/p>\n<div class=\"page-collage-row page-image\">\n<div class=\"page-collage-column\">\n<h3 class=\"page-recipe--tittle\">Rose filling:<\/h3>\n<p class=\"page-recipe\">200 g plain cream cheese<br \/>\n1 2\/3 cups cream<br \/>\n1 tbsp Rose Petal Confiture<br \/>\nsugar to taste<br \/>\n3 pcs gelatin leaves<br \/>\nca. 5 large strawberries<br \/>\ndrop of raspberry or other red juice<\/p>\n<\/div>\n<div class=\"page-collage-column\">\n<h3 class=\"page-recipe--tittle\">White chocolate filling:<\/h3>\n<p class=\"page-recipe\">200 g plain cream cheese<br \/>\n1 2\/3 cups cream<br \/>\n145 g white chocolate<br \/>\nvanilla sugar to taste<br \/>\n3 pcs gelatin leaves<\/p>\n<\/div>\n<div class=\"page-collage-column\">\n<h3 class=\"page-recipe--tittle\">Glaze:<\/h3>\n<p class=\"page-recipe\">1 tbsp Rose Petal Confiture<br \/>\n1 2\/3 cups raspberry or other red juice<br \/>\n3 pcs gelatin leaves<\/p>\n<\/div>\n<\/div>\n<div class=\"page-collage-row page-image\">\n<div class=\"page-collage-column\">\n<h3 class=\"page-recipe--tittle\">Crust:<\/h3>\n<p class=\"page-recipe\">200 g digestive biscuits<br \/>\n75 g butter<br \/>\n1\/3 cup almond flour<\/p>\n<\/div>\n<div class=\"page-collage-column\">\n<h3 class=\"page-recipe--tittle\">Cream pipings:<\/h3>\n<p class=\"page-recipe\">1 2\/3 cups cream<br \/>\n1 tsp vanilla cream powder<br \/>\nsugar to taste<\/p>\n<\/div>\n<div class=\"page-collage-column\">\n      <img loading=\"lazy\" decoding=\"async\" class=\"alignnone size-full\" src=\"https:\/\/www.finnishplant.com\/wp-content\/uploads\/2021\/05\/3-1.jpg\" alt=\"\" width=\"531\" height=\"531\"><\/div>\n<\/div>\n<div class=\"section-separator\"><\/div>\n<div class=\"page-text\">\n<ol class=\"page-recipe--list\">\n<li><span class=\"page-recipe--list-item\">Stir the digestive biscuit crumbs, melted butter and almond flour together and press into the bottom of the pan.<\/span><\/li>\n<li><span class=\"page-recipe--list-item\">Whip the cream until fluffy and stir in the cream cheese. Pur\u00e9e the strawberries. Mix with the Rose Petal Confiture in cream cheese-cream mixture. Add sugar to taste. Soak the gelatin leaves in cold water for a while, then wring to remove excess water and melt in boiling juice. Stir the gelatine in to the filling and pour the mixture on the crust. Smooth the surface. Allow to set for 3 hours.<\/span><\/li>\n<li><span class=\"page-recipe--list-item\">Whip the cream till fluffy and stir in the cream cheese. Carefully melt the white chocolate in a microwave. Stir the chocolate into the cream cheese-cream mixture. Add vanilla sugar and sugar to taste. Soak the gelatin leaves in cold water for a while, then wring to remove excess water and melt in a drop of boiling water. Stir the gelatine into the filling and pour the mixture on the rose filling. Smooth the surface. Allow to set for 2-3 hours.<\/span><\/li>\n<li><span class=\"page-recipe--list-item\">Mix Confiture and juice in a saucepan and bring to boil. Follow the above instructions for using the gelatin leaves and then stir in the juice. Mix thoroughly and pour over the filling. Allow to set again for 2-3 hours.<\/span><\/li>\n<li><span class=\"page-recipe--list-item\">Whisk the cream until fluffy, add sugars and decorate the gateau to your liking.<\/span><\/li>\n<\/ol>\n<\/div>\n<div class=\"section-logo\"><img loading=\"lazy\" decoding=\"async\" class=\"alignnone\" src=\"https:\/\/www.finnishplant.com\/wp-content\/uploads\/2021\/05\/s.png\" alt=\"\" width=\"160\" height=\"49\"><\/div>\n<\/div>\n<div id=\"sparkling-wine\" class=\"page-content\">\n<h1 class=\"section-title\">Sparkling wine and Rose Petal Confiture<\/h1>\n<div class=\"page-collage-row page-image\">\n<div class=\"page-collage-column\">\n      <a hred=\"\"><br \/>\n<img loading=\"lazy\" decoding=\"async\" class=\"alignnone size-full\" src=\"https:\/\/www.finnishplant.com\/wp-content\/uploads\/2021\/05\/s1k0-1.jpg\" alt=\"\" width=\"322\" height=\"476\"><br \/>\n<\/a><span style=\"transform: translate(-50%);\" class=\"collage-info--white responsive-text\">Image: Jennifer Delhotellerie<\/span><\/div>\n<div class=\"page-collage-column\">\n      <a hred=\"\"><br \/>\n<img loading=\"lazy\" decoding=\"async\" class=\"alignnone size-full\" src=\"https:\/\/www.finnishplant.com\/wp-content\/uploads\/2021\/05\/s1k0-2.jpg\" alt=\"\" width=\"323\" height=\"476\"><br \/>\n<\/a><span style=\"transform: translate(-50%);\" class=\"collage-info--white responsive-text\">Image: Jennifer Delhotellerie<\/span><\/div>\n<div class=\"page-collage-column\">\n      <a hred=\"\"><br \/>\n<img loading=\"lazy\" decoding=\"async\" class=\"alignnone size-full\" src=\"https:\/\/www.finnishplant.com\/wp-content\/uploads\/2021\/05\/Untitled-3.jpg\" alt=\"\" width=\"321\" height=\"474\"><br \/>\n<\/a><span style=\"transform: translate(-50%);\" class=\"collage-info--white responsive-text\">Image: Jennifer Delhotellerie<\/span><\/div>\n<div class=\"page-collage-column\">\n      <a hred=\"\"><br \/>\n<img loading=\"lazy\" decoding=\"async\" class=\"alignnone size-full\" src=\"https:\/\/www.finnishplant.com\/wp-content\/uploads\/2021\/05\/Untitled-4.jpg\" alt=\"\" width=\"322\" height=\"477\"><br \/>\n<\/a><span style=\"transform: translate(-50%);\" class=\"collage-info--white responsive-text\">Image: Jennifer Delhotellerie<\/span><\/div>\n<\/div>\n<div class=\"section-logo\"><img loading=\"lazy\" decoding=\"async\" class=\"alignnone\" src=\"https:\/\/www.finnishplant.com\/wp-content\/uploads\/2021\/05\/s.png\" alt=\"\" width=\"160\" height=\"49\"><\/div>\n<\/div>\n<div id=\"just-for-you\" class=\"page-content\">\n<h1 class=\"section-title\">Just for You<\/h1>\n<p class=\"page-recipe--name\">Recipe: Jari Hakkarainen<\/p>\n<div class=\"page-collage-row page-image\">\n<div class=\"page-collage-column\">\n      <a hred=\"\"><br \/>\n<img loading=\"lazy\" decoding=\"async\" class=\"alignnone size-full\" src=\"https:\/\/www.finnishplant.com\/wp-content\/uploads\/2021\/05\/5-1.jpg\" alt=\"\" width=\"583\" height=\"614\"><br \/>\n<\/a><span style=\"transform: translate(-50%);\" class=\"collage-info--black\">Image: Mika Lev\u00e4lampi<\/span><\/div>\n<div class=\"page-collage-column\">\n<h3 class=\"page-recipe--tittle\">Ingredients:<\/h3>\n<p class=\"page-recipe\">1 cl Professor Cornelius Ampleforth\u00b4s Bathtub Old Tom Gin<br \/>\n1 cl Professor Cornelius Ableforth\u00b4s Bathtub Sloe Gin<br \/>\n2 cl Beetroot Syrup<br \/>\n1 tbsp Finnish Plant Organic Rose Petal Confiture<br \/>\n9 cl Domaine Seppi Landmann Brut, Vallee Noble Sparkling wine<\/p>\n<h3 class=\"page-recipe--tittle\">Garnishing:<\/h3>\n<p class=\"page-recipe\">Juniper, Rose and red and white beetroot<\/p>\n<\/div>\n<\/div>\n<div class=\"section-logo\"><img loading=\"lazy\" decoding=\"async\" class=\"alignnone\" src=\"https:\/\/www.finnishplant.com\/wp-content\/uploads\/2021\/05\/s.png\" alt=\"\" width=\"160\" height=\"49\"><\/div>\n<\/div>\n<div id=\"cheese-guide\" class=\"page-content\">\n<h1 class=\"section-title\">Rose-y Cheese Guide<\/h1>\n<div class=\"page-collage-row page-image\">\n<div class=\"page-collage-column\">\n<div class=\"page-collage--image\">\n        <a href=\"\"><br \/>\n<img loading=\"lazy\" decoding=\"async\" class=\"alignnone size-full\" src=\"https:\/\/www.finnishplant.com\/wp-content\/uploads\/2021\/05\/6.jpg\" alt=\"\" width=\"804\" height=\"602\"><br \/>\n<\/a><span style=\"transform: translate(-50%);\" class=\"collage-info--black\">Image: Anuliina Pined<\/span><\/div>\n<\/div>\n<div class=\"page-collage-column\">\n<p class=\"content-paragraph\">Rose Petal Confiture is perfect for cheeses and especially for products that are traditionally enjoyed with fig jam. The following cheeses are a good pairing for Rose Petal jam.<\/p>\n<ul style=\"text-align: left; line-height: 2;\" class=\"page-info--list\">\n<li><span class=\"page-info--list-item\">Medium hard and hard cow\u2018s milk cheeses: Gruyere, Mature Cheddar, Appenzeller<\/span><\/li>\n<li><span class=\"page-info--list-item\">Semi-hard grill cheeses: Halloumi and other grill cheeses<\/span><\/li>\n<li><span class=\"page-info--list-item\">Hard sheep and goat\u2018s milk cheeses: Manchego, Pecorino<\/span><\/li>\n<li><span class=\"page-info--list-item\">Semi-soft and soft cow\u2018s milk cheeses: Tallegio (Brie-type cheese from Milan), Camembert, Brie<\/span><\/li>\n<li><span class=\"page-info--list-item\">Soft sheep and goat\u2018s milk cheeses: Goat&#8217;s cheese, Feta<\/span><\/li>\n<li><span class=\"page-info--list-item\">Cream cheeses: Mascarpone<\/span><\/li>\n<li><span class=\"page-info--list-item\">Blue cheeses: Stilton, Gorgonzola, Roquefort<\/span><\/li>\n<\/ul>\n<\/div>\n<\/div>\n<div class=\"page-text\">\n<h3 style=\"text-align: left;\" class=\"page-recipe--tittle\">Serving suggestions:<\/h3>\n<ul class=\"page-info--list\">\n<li><span class=\"page-info--list-item\">Puff pastry topped with goat\u2018s cheese, honey, Rose Petal Confiture, walnut<\/span><\/li>\n<li><span class=\"page-info--list-item\">Fried halloumi, Rose Petal Confiture and glazed rosebay willowherb (Chamaenerion angustifolium) shoots<\/span><\/li>\n<li><span class=\"page-info--list-item\">Cheese plate with Gruyere, stilton \/ gorgonzola, camembert and Rose Petal Confiture<\/span><\/li>\n<li><span class=\"page-info--list-item\">Cheesecake with Rose Petal Confiture<\/span><\/li>\n<\/ul>\n<\/div>\n<div class=\"section-logo\"><img loading=\"lazy\" decoding=\"async\" class=\"alignnone\" src=\"https:\/\/www.finnishplant.com\/wp-content\/uploads\/2021\/05\/s.png\" alt=\"\" width=\"160\" height=\"49\"><\/div>\n<\/div>\n<div id=\"rose-melon-carpaccio\" class=\"page-content\">\n<h1 class=\"section-title\">Rose-melon-carpaccio<\/h1>\n<div class=\"page-collage-row page-image\">\n<div class=\"page-collage-column\">\n      <img loading=\"lazy\" decoding=\"async\" class=\"alignnone size-full\" src=\"https:\/\/www.finnishplant.com\/wp-content\/uploads\/2021\/05\/7.jpg\" alt=\"\" width=\"718\" height=\"627\"><\/div>\n<div class=\"page-collage-column\">\n<h3 class=\"page-recipe--tittle\">Ingredients:<\/h3>\n<p class=\"page-recipe\">1 seedless watermelon<br \/>\n120 g Finnish Plant Rose Petal Confiture<br \/>\nBerries to taste (e.g. currants)<\/p>\n<\/div>\n<\/div>\n<div class=\"section-separator\"><\/div>\n<div class=\"page-text\">\n<ol class=\"page-recipe--list\">\n<li><span class=\"page-recipe--list-item\">Peel watermelon as a whole and remove the stems.<\/span><\/li>\n<li><span class=\"page-recipe--list-item\">Thinly slice the melon. Tip: Put the melon to stand \u201cupright\u201d on its stem and slice horizontally with a sharp knife.<\/span><\/li>\n<li><span class=\"page-recipe--list-item\">Place watermelon and Rose Petal Confiture in layers on a flat plate.<\/span><\/li>\n<li><span class=\"page-recipe--list-item\">Garnish with a handful of berries.<\/span><\/li>\n<\/ol>\n<\/div>\n<div class=\"section-logo\"><img loading=\"lazy\" decoding=\"async\" class=\"alignnone\" src=\"https:\/\/www.finnishplant.com\/wp-content\/uploads\/2021\/05\/s.png\" alt=\"\" width=\"160\" height=\"49\"><\/div>\n<\/div>\n<div id=\"rosey-pea-soup\" class=\"page-content\">\n<h1 class=\"section-title\">Rose-y Pea Soup<\/h1>\n<div class=\"page-collage-row page-image\">\n<div class=\"page-collage-column\">\n      <img loading=\"lazy\" decoding=\"async\" class=\"alignnone size-full\" src=\"https:\/\/www.finnishplant.com\/wp-content\/uploads\/2021\/05\/8.jpg\" alt=\"\" width=\"708\" height=\"638\"><\/div>\n<div class=\"page-collage-column\">\n<h3 class=\"page-recipe--tittle\">Ingredients:<\/h3>\n<p class=\"page-recipe\">600 g frozen peas<br \/>\n1 onion<br \/>\n3 tbsp oil<br \/>\n2 garlic cloves<br \/>\n2 tsp grated ginger<br \/>\n1 tsp ground cinnamon<br \/>\n400 g (ca. 420 ml) coconut milk<br \/>\n1 cube \/ 1 tbsp granulated vegetable bouillon<br \/>\n2 cups water<br \/>\n3 tsp Finnish Plant Rose Petal Confiture<br \/>\n1 tbsp lemon juice<br \/>\n2 tsp balsamic vinegar<\/p>\n<\/div>\n<\/div>\n<div class=\"section-separator\"><\/div>\n<div class=\"page-text\">\n<ol class=\"page-recipe--list\">\n<li><span class=\"page-recipe--list-item\">Heat the oil in a saucepan and fry the onion, garlic, ginger and cinnamon.<\/span><\/li>\n<li><span class=\"page-recipe--list-item\">Add the melted frozen peas and stir to allow the flavours to absorb. Melt the broth cube or granules in hot water and add to the saucepan.<\/span><\/li>\n<li><span class=\"page-recipe--list-item\">Let the soup boil for about 4 minutes, then add the Rose Petal Confiture and coconut milk. Stir the soup with a stick mixer so that the peas remain nice and chewy.<\/span><\/li>\n<li><span class=\"page-recipe--list-item\">Put back on the hot stove for a short while and add lemon juice, balsamic vinegar and salt and black pepper to taste.<\/span><\/li>\n<li><span class=\"page-recipe--list-item\">Serve the soup with cr\u00e8me fra\u00eeche, Rose Petal Confiture, chives and roasted seeds.<\/span><\/li>\n<\/ol>\n<\/div>\n<div class=\"section-logo\"><img loading=\"lazy\" decoding=\"async\" class=\"alignnone\" src=\"https:\/\/www.finnishplant.com\/wp-content\/uploads\/2021\/05\/s.png\" alt=\"\" width=\"160\" height=\"49\"><\/div>\n<\/div>\n","protected":false},"excerpt":{"rendered":"<p>Back Rose Meringue Recipe: Sari \/ Viljattoman Vallaton blog Ingredients: ca. 30 pcs 4 egg whites 1 2\/3 cups sugar 2 tsp potato flour 1 tsp lemon juice 1 tsp vanilla sugar 2 tsp Rose Petal Confiture Separate the egg whites. Measure half of the sugar in a bowl. Measure the rest of the sugar [&hellip;]<\/p>\n","protected":false},"author":1,"featured_media":0,"parent":0,"menu_order":0,"comment_status":"closed","ping_status":"closed","template":"page-templates\/full-width.php","meta":{"footnotes":""},"class_list":["post-514","page","type-page","status-publish","hentry"],"_links":{"self":[{"href":"https:\/\/www.finnishplant.com\/index.php?rest_route=\/wp\/v2\/pages\/514","targetHints":{"allow":["GET"]}}],"collection":[{"href":"https:\/\/www.finnishplant.com\/index.php?rest_route=\/wp\/v2\/pages"}],"about":[{"href":"https:\/\/www.finnishplant.com\/index.php?rest_route=\/wp\/v2\/types\/page"}],"author":[{"embeddable":true,"href":"https:\/\/www.finnishplant.com\/index.php?rest_route=\/wp\/v2\/users\/1"}],"replies":[{"embeddable":true,"href":"https:\/\/www.finnishplant.com\/index.php?rest_route=%2Fwp%2Fv2%2Fcomments&post=514"}],"version-history":[{"count":13,"href":"https:\/\/www.finnishplant.com\/index.php?rest_route=\/wp\/v2\/pages\/514\/revisions"}],"predecessor-version":[{"id":898,"href":"https:\/\/www.finnishplant.com\/index.php?rest_route=\/wp\/v2\/pages\/514\/revisions\/898"}],"wp:attachment":[{"href":"https:\/\/www.finnishplant.com\/index.php?rest_route=%2Fwp%2Fv2%2Fmedia&parent=514"}],"curies":[{"name":"wp","href":"https:\/\/api.w.org\/{rel}","templated":true}]}}