{"id":505,"date":"2021-05-10T21:04:08","date_gmt":"2021-05-10T19:04:08","guid":{"rendered":"http:\/\/www.finnishplant.com\/?page_id=505"},"modified":"2022-10-17T18:02:56","modified_gmt":"2022-10-17T16:02:56","slug":"yritys","status":"publish","type":"page","link":"https:\/\/www.finnishplant.com\/?page_id=505","title":{"rendered":"fi-yritys"},"content":{"rendered":"<div class=\"page-lang--menu\">\n<div class=\"page-lang--flags\">\n    <a href=\"https:\/\/www.finnishplant.com\/?page_id=505\"><img loading=\"lazy\" decoding=\"async\" class=\"alignnone size-full\" src=\"https:\/\/www.finnishplant.com\/wp-content\/uploads\/2021\/05\/fi.jpg\" alt=\"\" width=\"19\" height=\"14\"><\/a><a href=\"https:\/\/www.finnishplant.com\/?page_id=523\"><img loading=\"lazy\" decoding=\"async\" class=\"alignnone size-full\" src=\"https:\/\/www.finnishplant.com\/wp-content\/uploads\/2021\/05\/de.jpg\" alt=\"\" width=\"19\" height=\"14\"><\/a><a href=\"https:\/\/www.finnishplant.com\/?page_id=517\"><img loading=\"lazy\" decoding=\"async\" class=\"alignnone size-full\" src=\"https:\/\/www.finnishplant.com\/wp-content\/uploads\/2021\/05\/en.jpg\" alt=\"\" width=\"19\" height=\"14\"><\/a><\/div>\n<\/div>\n<div class=\"section-logo\"><img loading=\"lazy\" decoding=\"async\" class=\"alignnone\" src=\"https:\/\/www.finnishplant.com\/wp-content\/uploads\/2021\/05\/s.png\" alt=\"\" width=\"160\" height=\"49\"><\/div>\n<div class=\"back-button\"><a href=\"https:\/\/www.finnishplant.com\/?page_id=500\">Takaisin<\/a><\/div>\n<div id=\"yritys\" class=\"page-content\">\n<h1 class=\"section-title\">Yritys<\/h1>\n<div class=\"page-collage-row page-image\">\n<div class=\"page-collage-column\">\n<div class=\"page-collage--image\">\n        <img loading=\"lazy\" decoding=\"async\" style=\"width: 65%; margin-bottom: 7em;\" class=\"alignnone size-full\" src=\"https:\/\/www.finnishplant.com\/wp-content\/uploads\/2021\/05\/7-2.jpg\" alt=\"\" width=\"517\" height=\"655\"><\/p>\n<div class=\"collage-info--white\"><\/div>\n<\/div>\n<div class=\"page-collage-text--left\">\n<p class=\"content-article\">Suurelle yleis\u00f6lle tuntematon, kulinaristin sis\u00e4piirin vinkki, jota myyd\u00e4\u00e4n tyypillisesti lahja- ja sesonkituotteena. Verrattuna it\u00e4-eurooppalaisiin ruusutuotteisiin Finnish Plantin hillon koostumus ja makuprofiili on ainutlaatuinen \u2013 suoraa kilpailua ei ole.<\/p>\n<p class=\"content-article\">Tuote soveltuu hyvin vientiin, sill\u00e4 sen s\u00e4ilyvyys on 11 kk ja sopii hyvin kuljetettavaksi ilman kylm\u00e4ketjua. Tuotetta vied\u00e4\u00e4nkin jo useisiin maihin, kuten Ranskaan, Saksaan ja Italiaan. Vahva jalansija kotimaassa ja panostus vientiin ovat Finnish Plantin resepti kukoistukseen my\u00f6s tulevaisuudessa.<\/p>\n<p class=\"content-article\">Yritys on omavarainen p\u00e4\u00e4raaka-aineen suhteen ja laadun varmennus ja tuotanto ovat omissa k\u00e4siss\u00e4. T\u00e4ll\u00e4 hetkell\u00e4 viljelyss\u00e4 on 20 km ruusua 6 hehtaarin alalla. Oma pakastekuivauslaitteisto mahdollistaa sen, ett\u00e4 kukat saadaan kuivaukseen tuoreeltaan, suoraan pellolta. T\u00e4m\u00e4 takaa ainutlaatuisen laadun, sill\u00e4 kukinnot eiv\u00e4t ehdi hapettumaan (ruskistumaan) ennen pakastekuivausprosessia. Pakastekuivauksen tuloksena syntyv\u00e4t pakastekuivatut ruusun ter\u00e4lehdet ravintola- ja suklaamaailmaan ja ruusuvesi, joka on todellinen terveyspommi!<\/p>\n<\/div>\n<\/div>\n<div class=\"page-collage-column\">\n<div class=\"page-collage-text--left\">\n<p class=\"content-article\">Finnish Plant <a href=\"https:\/\/www.fpkotaja.com\/\" target=\"_blank\" rel=\"noopener\">FP Kotaja Oy<\/a> on perheyritys, joka valmistaa Pohjois-Euroopan ainutlaatuisissa olosuhteissa luomuruusutuotteita k\u00e4sity\u00f6n\u00e4. Oma ruusulajike, Rosa Rugosa variaatio Kotaja on jalostettu eritysesti suomalaiseen kasvuymp\u00e4rist\u00f6\u00f6n, jossa maailman puhtain ilma ja vesi, Suomen valo ja viile\u00e4t kasvuolosuhteet tuottavat tasapainoisen makuel\u00e4myksen. 15 vuoden kehitysty\u00f6n tuloksena on syntynyt sy\u00f6t\u00e4v\u00e4 ruusu, jolla on optimaaliset ominaisuudet ruokatuotteiden k\u00e4sittelyyn ja valmistukseen ja jonka maussa viipyilee keskiy\u00f6n auringon kajo. Sille on ominaista hienostunut karvaus, joka puuttuu etel\u00e4isist\u00e4 lajikkeista.<\/p>\n<p class=\"content-article\">Finnish Plantin p\u00e4\u00e4tuote on kuitenkin ruusun ter\u00e4lehtihillo, joka syntyy omassa hillokeitti\u00f6ss\u00e4. &#8220;T\u00e4m\u00e4 hillo on klassikko&#8221;.<\/p>\n<\/div>\n<div class=\"page-collage-row page-image\">\n<div class=\"page-collage-column\">\n<div style=\"margin: 0 0 2em 0;\" class=\"page-collage--image\">\n            <img loading=\"lazy\" decoding=\"async\" style=\"margin-top: 3.7em;\" class=\"alignnone size-full\" src=\"https:\/\/www.finnishplant.com\/wp-content\/uploads\/2021\/05\/5-3.jpg\" alt=\"\" width=\"268\" height=\"357\"><\/p>\n<div class=\"collage-info--white\"><\/div>\n<\/div>\n<\/div>\n<div class=\"page-collage-column\">\n<div style=\"margin: 3em 0 2em 0;\" class=\"page-collage--image\">\n            <img loading=\"lazy\" decoding=\"async\" class=\"alignnone size-full\" src=\"https:\/\/www.finnishplant.com\/wp-content\/uploads\/2021\/05\/6-2.jpg\" alt=\"\" width=\"268\" height=\"356\"><\/p>\n<div class=\"collage-info--white\"><\/div>\n<\/div>\n<\/div>\n<\/div>\n<\/div>\n<\/div>\n<div class=\"section-logo\"><img loading=\"lazy\" decoding=\"async\" class=\"alignnone\" src=\"https:\/\/www.finnishplant.com\/wp-content\/uploads\/2021\/05\/s.png\" alt=\"\" width=\"160\" height=\"49\"><\/div>\n<\/div>\n<div id=\"tarina\" class=\"page-content\">\n<h1 class=\"section-title\">Tuuli ja Matti<\/h1>\n<div class=\"page-collage-row page-image\">\n<div class=\"page-collage-column\">\n<div class=\"page-collage-text--left\">\n<p class=\"content-article\">Tuuli ja Matti py\u00f6ritt\u00e4v\u00e4t Vampulassa, L\u00e4nsi-Suomessa Matin kotitilaa, jonka peltoja perhe on viljellyt siit\u00e4 saakka, kun Matin isois\u00e4 rakensi  talon joen l\u00e4heisyyteen vuonna 1917. Jo sukupolvien ajan pelloilla oli viljelty vehn\u00e4\u00e4, ohraa ja hernett\u00e4, mutta Tuuli toi mukanaan uusia ajatuksia.<\/p>\n<p class=\"content-article\">Nuorena miehen\u00e4 ammattimuusikon urasta haaveillut Matti kehitti 1980-luvulla mainetta niitt\u00e4neet Finnish Percussion (FP) kongarummut. Valitettavasti rumpujen maailmanvalloitus kaatui dollarin romahdukseen, mutta ajatus tehd\u00e4 jotain ainutlaatuista j\u00e4i kytem\u00e4\u00e4n.<\/p>\n<p class=\"content-article\">Tuulin tavattuaan Matti oli l\u00f6yt\u00e4nyt kumppanin, joka jakoi intohimon ruusuihin. H\u00e4it\u00e4 vietettiin vuonna 1994 ja kirjaimet FP muuttuivat tarkoittamaan Finnish Plant, kun pariskunnalla kypsyi ajatus ruusun viljelemisest\u00e4 ammattimaisesti.<\/p>\n<\/div>\n<\/div>\n<div class=\"page-collage-column\">\n<div class=\"page-collage--image\">\n        <img loading=\"lazy\" decoding=\"async\" style=\"width: 60%; border-radius: 50%;\" class=\"alignnone size-full\" src=\"https:\/\/www.finnishplant.com\/wp-content\/uploads\/2021\/05\/8-2.jpg\" alt=\"\" width=\"698\" height=\"800\"><\/p>\n<div class=\"collage-info--white\"><\/div>\n<\/div>\n<\/div>\n<\/div>\n<div class=\"page-collage-row page-image\">\n<div class=\"page-collage-column\">\n<div class=\"page-collage--image\">\n        <img loading=\"lazy\" decoding=\"async\" class=\"alignnone size-full\" src=\"https:\/\/www.finnishplant.com\/wp-content\/uploads\/2021\/05\/4-2.jpg\" alt=\"\" width=\"708\" height=\"533\"><\/p>\n<div class=\"collage-info--white\"><\/div>\n<\/div>\n<\/div>\n<div class=\"page-collage-column\">\n<div class=\"page-collage-text--left\">\n<p class=\"content-article\">Ensin tavoitteena oli tosin tehd\u00e4 ruusu\u00f6ljy\u00e4, mutta Tuulin luovuus keitti\u00f6ss\u00e4 ja Matin intohimo testata uusia asioita johti siihen, ett\u00e4 keitti\u00f6ss\u00e4 syntyikin koe-er\u00e4 ruusun ter\u00e4lehtihilloa. Tie valmiiksi kaupalliseksi tuotteeksi oli kuitenkin pitk\u00e4. Usean vuoden jalostuksen ja tuotetestauksen j\u00e4lkeen he olivat vihdoin valmiita aloittamaan ammatimaisen ruusun kasvatuksen vuonna 2012.<\/p>\n<p class=\"content-article\">Kotajat ovat jo vuosia jalostaneet arktista Rosa Rugosa Hybrid lajiketta paremmin soveltuvaksi paikallisiin kasvuoloihin ja makuvaatimuksiin. Jalostusty\u00f6n tuloksena syntynyt Rosa Kotaja -lajike tulee tulevaisuudessa syrj\u00e4ytt\u00e4m\u00e4\u00e4n kokonaan Rosa Rugosa Hybrid lajikkeen.<\/p>\n<p class=\"content-article\">T\u00e4rke\u00e4\u00e4 jalostuksessa on arktisten kasvuolosuhteiden hy\u00f6dynt\u00e4minen ja ymp\u00e4rist\u00f6arvojen huomioiminen. Kotijoesta tuleva kasteluvesi, ymp\u00e4rivuorokautinen kes\u00e4auringon valo ja luomuviljely luovat pohjan terveellisen ja maukkaan ruusutuotteen syntymiselle.<\/p>\n<\/div>\n<\/div>\n<\/div>\n<h3 class=\"page-add-information\">Rosa Kotaja on Tuulin ja Matin perint\u00f6 kulinaristisen hyvinvoinnin yst\u00e4ville<\/h3>\n<div class=\"section-logo\"><img loading=\"lazy\" decoding=\"async\" class=\"alignnone\" src=\"https:\/\/www.finnishplant.com\/wp-content\/uploads\/2021\/05\/s.png\" alt=\"\" width=\"160\" height=\"49\"><\/div>\n<\/div>\n<div id=\"luomuviljely\" class=\"page-content\">\n<h1 class=\"section-title\">Finnish Plant ja luomuviljely<\/h1>\n<div class=\"page-collage-row page-image\">\n<div class=\"page-collage-column\">\n<div style=\"margin: 0 0 2em 0;\" class=\"page-collage--image\">\n        <img loading=\"lazy\" decoding=\"async\" class=\"alignnone size-full\" src=\"https:\/\/www.finnishplant.com\/wp-content\/uploads\/2021\/05\/1-5.jpg\" alt=\"\" width=\"347\" height=\"301\"><\/p>\n<div class=\"collage-info--white\"><\/div>\n<\/div>\n<div style=\"margin: 0 0 2em 0;\" class=\"page-collage--image\">\n        <img loading=\"lazy\" decoding=\"async\" class=\"alignnone size-full\" src=\"https:\/\/www.finnishplant.com\/wp-content\/uploads\/2021\/05\/2-6.jpg\" alt=\"\" width=\"336\" height=\"302\"><\/p>\n<div class=\"collage-info--white\"><\/div>\n<\/div>\n<\/div>\n<div class=\"page-collage-column--left\">\n<div class=\"page-collage-text\">\n<h3 style=\"font-size: 2.5em;\" class=\"page-recipe--tittle\">Luomuruusun viljely on ilmastoteko:<\/h3>\n<ul style=\"text-align: left; line-height: 2;\" class=\"page-info--list\">\n<li><span class=\"page-info--list-item\">Viljely ja jalostus sitoo hiilt\u00e4 enemm\u00e4n kuin tuottaa<\/span><\/li>\n<li><span class=\"page-info--list-item\">Viljelyss\u00e4 ei k\u00e4ytet\u00e4 kemikaaleja<\/span><\/li>\n<li><span class=\"page-info--list-item\">3-4 miljoonaa kukkivaa kukkaa kasvukauden aikana luo edulliset olosuhteet mehil\u00e4isten ja kimalaisten toiminnalle<\/span><\/li>\n<li><span class=\"page-info--list-item\">Ruusun viljely hy\u00f6dynt\u00e4\u00e4 maan omia fosfori- ja typpivaroja, joten fosfori- ja typpip\u00e4\u00e4st\u00f6t pienenev\u00e4t<\/span><\/li>\n<\/ul>\n<\/div>\n<\/div>\n<\/div>\n<div class=\"section-logo\"><img loading=\"lazy\" decoding=\"async\" class=\"alignnone\" src=\"https:\/\/www.finnishplant.com\/wp-content\/uploads\/2021\/05\/s.png\" alt=\"\" width=\"160\" height=\"49\"><\/div>\n<\/div>\n","protected":false},"excerpt":{"rendered":"<p>Takaisin Yritys Suurelle yleis\u00f6lle tuntematon, kulinaristin sis\u00e4piirin vinkki, jota myyd\u00e4\u00e4n tyypillisesti lahja- ja sesonkituotteena. Verrattuna it\u00e4-eurooppalaisiin ruusutuotteisiin Finnish Plantin hillon koostumus ja makuprofiili on ainutlaatuinen \u2013 suoraa kilpailua ei ole. Tuote soveltuu hyvin vientiin, sill\u00e4 sen s\u00e4ilyvyys on 11 kk ja sopii hyvin kuljetettavaksi ilman kylm\u00e4ketjua. Tuotetta vied\u00e4\u00e4nkin jo useisiin maihin, kuten Ranskaan, Saksaan ja [&hellip;]<\/p>\n","protected":false},"author":1,"featured_media":0,"parent":0,"menu_order":0,"comment_status":"closed","ping_status":"closed","template":"page-templates\/full-width.php","meta":{"footnotes":""},"class_list":["post-505","page","type-page","status-publish","hentry"],"_links":{"self":[{"href":"https:\/\/www.finnishplant.com\/index.php?rest_route=\/wp\/v2\/pages\/505","targetHints":{"allow":["GET"]}}],"collection":[{"href":"https:\/\/www.finnishplant.com\/index.php?rest_route=\/wp\/v2\/pages"}],"about":[{"href":"https:\/\/www.finnishplant.com\/index.php?rest_route=\/wp\/v2\/types\/page"}],"author":[{"embeddable":true,"href":"https:\/\/www.finnishplant.com\/index.php?rest_route=\/wp\/v2\/users\/1"}],"replies":[{"embeddable":true,"href":"https:\/\/www.finnishplant.com\/index.php?rest_route=%2Fwp%2Fv2%2Fcomments&post=505"}],"version-history":[{"count":5,"href":"https:\/\/www.finnishplant.com\/index.php?rest_route=\/wp\/v2\/pages\/505\/revisions"}],"predecessor-version":[{"id":847,"href":"https:\/\/www.finnishplant.com\/index.php?rest_route=\/wp\/v2\/pages\/505\/revisions\/847"}],"wp:attachment":[{"href":"https:\/\/www.finnishplant.com\/index.php?rest_route=%2Fwp%2Fv2%2Fmedia&parent=505"}],"curies":[{"name":"wp","href":"https:\/\/api.w.org\/{rel}","templated":true}]}}