{"id":502,"date":"2021-05-10T21:03:31","date_gmt":"2021-05-10T19:03:31","guid":{"rendered":"http:\/\/www.finnishplant.com\/?page_id=502"},"modified":"2022-10-17T17:00:26","modified_gmt":"2022-10-17T15:00:26","slug":"herkkupaloja","status":"publish","type":"page","link":"https:\/\/www.finnishplant.com\/?page_id=502","title":{"rendered":"fi-herkkupaloja"},"content":{"rendered":"<div class=\"page-lang--menu\">\n<div class=\"page-lang--flags\">\n    <a href=\"https:\/\/www.finnishplant.com\/?page_id=502\"><img loading=\"lazy\" decoding=\"async\" class=\"alignnone size-full\" src=\"https:\/\/www.finnishplant.com\/wp-content\/uploads\/2021\/05\/fi.jpg\" alt=\"\" width=\"19\" height=\"14\"><\/a><a href=\"https:\/\/www.finnishplant.com\/?page_id=520\"><img loading=\"lazy\" decoding=\"async\" class=\"alignnone size-full\" src=\"https:\/\/www.finnishplant.com\/wp-content\/uploads\/2021\/05\/de.jpg\" alt=\"\" width=\"19\" height=\"14\"><\/a><a href=\"https:\/\/www.finnishplant.com\/?page_id=514\"><img loading=\"lazy\" decoding=\"async\" class=\"alignnone size-full\" src=\"https:\/\/www.finnishplant.com\/wp-content\/uploads\/2021\/05\/en.jpg\" alt=\"\" width=\"19\" height=\"14\"><\/a><\/div>\n<\/div>\n<div class=\"section-logo\">\n  <img loading=\"lazy\" decoding=\"async\" class=\"alignnone\" src=\"https:\/\/www.finnishplant.com\/wp-content\/uploads\/2021\/05\/s.png\" alt=\"\" width=\"160\" height=\"49\"><\/div>\n<div class=\"back-button\"><a href=\"https:\/\/www.finnishplant.com\/?page_id=500\">Takaisin<\/a><\/div>\n<div id=\"ruusu-marengit\" class=\"page-content\">\n<h1 class=\"section-title\">Ruusumarengit<\/h1>\n<p class=\"page-recipe--name\">Resepti: Sari \/ <a href=\"https:\/\/viljattomanvallaton.blogspot.com\/\" style=\"color: #af9b66;\" target=\"_blank\" rel=\"noopener\">Viljattoman Vallaton blog<\/a><\/p>\n<div class=\"page-collage-row page-image\">\n<div class=\"page-collage-column\">\n      <img loading=\"lazy\" decoding=\"async\" class=\"alignnone size-full\" src=\"https:\/\/www.finnishplant.com\/wp-content\/uploads\/2021\/05\/0-1.jpg\" alt=\"\" width=\"1009\" height=\"635\"><\/div>\n<div class=\"page-collage-column\">\n<h3 class=\"page-recipe--tittle\">Ainekset:<\/h3>\n<p class=\"page-recipe\">n. 30 kpl<br \/>\n4 kananmunan valkuaista<br \/>\n2,5 dl sokeria<br \/>\n2 tl perunajauhoja<br \/>\n1tl sitruunamehua<br \/>\n1tl vaniljasokeria<br \/>\n2tl Ruusun Ter\u00e4lehtihilloa<\/p>\n<\/div>\n<\/div>\n<div class=\"section-separator\"><\/div>\n<div class=\"page-text\">\n<ol class=\"page-recipe--list\">\n<li><span class=\"page-recipe--list-item\">Erottele kananmunista valkuaiset.<\/span><\/li>\n<li><span class=\"page-recipe--list-item\">Mittaa sokeri puoliksi kahteen eri kulhoon. Sekoita toiseen kulhoon perunajauhot ja vanilja sokerin joukkoon.<\/span><\/li>\n<li><span class=\"page-recipe--list-item\">Vaahdota valkuaiset s\u00e4hk\u00f6vatkaimella ter\u00e4s- tai lasikulhossa. Lis\u00e4\u00e4 ensin pelkk\u00e4\u00e4 sokeria pikkuhiljaa koko ajan voimakkaasti vatkaten. Jatka lis\u00e4\u00e4m\u00e4ll\u00e4 v\u00e4hitellen sokeri-perunajauhoseosta. Jatka vatkaamista, kunnes marenki on kuohkeaa ja kiilt\u00e4v\u00e4\u00e4. Sekoita lopuksi sitruunamehu ja hillo marengin joukkoon.<\/span><\/li>\n<li><span class=\"page-recipe--list-item\">Lusikoi marenkivaahto pursotinpussiin ja pursota marengit leivinpaperilla vuoratulle uunipellille.<\/span><\/li>\n<li><span class=\"page-recipe--list-item\">Nosta pelti uuniin kiertol\u00e4mm\u00f6lle 90 asteeseen 2 tunniksi. Anna marenkien kuivua viel\u00e4 rauhassa paistamisen j\u00e4lkeen.<\/span><\/li>\n<\/ol>\n<\/div>\n<div class=\"section-logo\"><img loading=\"lazy\" decoding=\"async\" class=\"alignnone\" src=\"https:\/\/www.finnishplant.com\/wp-content\/uploads\/2021\/05\/s.png\" alt=\"\" width=\"160\" height=\"49\"><\/div>\n<\/div>\n<div id=\"ruusuinen-rocky-road\" class=\"page-content\">\n<h1 class=\"section-title\">Ruusuinen Rocky Road<\/h1>\n<div class=\"page-collage-row page-image\">\n<div class=\"page-collage-column\">\n<h3 class=\"page-recipe--tittle\">Ainekset:<\/h3>\n<p class=\"page-recipe\">30 kpl Ruusumarenkeja, katso ohje yll\u00e4<br \/>\n150g pistaasip\u00e4hkin\u00f6it\u00e4, kuorittuna<br \/>\n70g tummaa suklaata<br \/>\nPakastekuivattuja Ruusun Ter\u00e4lehti\u00e4<\/p>\n<\/div>\n<div class=\"page-collage-column\">\n      <img loading=\"lazy\" decoding=\"async\" class=\"alignnone size-full\" src=\"https:\/\/www.finnishplant.com\/wp-content\/uploads\/2021\/05\/1-2.jpg\" alt=\"\" width=\"892\" height=\"596\"><\/div>\n<\/div>\n<div class=\"section-separator\"><\/div>\n<div class=\"page-text\">\n<ol class=\"page-recipe--list\">\n<li><span class=\"page-recipe--list-item\">Valmista marengit Ruusumarengin ohjeen mukaisesti.<\/span><\/li>\n<li><span class=\"page-recipe--list-item\">Murskaa kuoritut pistaasip\u00e4hkin\u00e4t siten, ett\u00e4 koostumus j\u00e4\u00e4 karkeaksi.<\/span><\/li>\n<li><span class=\"page-recipe--list-item\">Sulata suklaa kulhossa vesihauteessa tai mikroaaltouunissa. Varo polttamasta.<\/span><\/li>\n<li><span class=\"page-recipe--list-item\">Asettele tarjoilualustalle marengit. Ripottele p\u00e4\u00e4lle pistaasit ja valuta sulaa suklaata ohuena nauhana p\u00e4\u00e4lle.<\/span><\/li>\n<li><span class=\"page-recipe--list-item\">Koristele Ruusun Ter\u00e4lehdill\u00e4 ja anna j\u00e4\u00e4hty\u00e4 huoneenl\u00e4mm\u00f6ss\u00e4, kunnes suklaa on kovettunut. Tarjoile kahvin tai teen kera.<\/span><\/li>\n<\/ol>\n<\/div>\n<div class=\"section-logo\"><img loading=\"lazy\" decoding=\"async\" class=\"alignnone\" src=\"https:\/\/www.finnishplant.com\/wp-content\/uploads\/2021\/05\/s.png\" alt=\"\" width=\"160\" height=\"49\"><\/div>\n<\/div>\n<div id=\"ruusuinen-mansikkarulla\" class=\"page-content\">\n<h1 class=\"section-title\">Ruusuinen mansikkarulla<\/h1>\n<p class=\"page-recipe--name\">Resepti: Sanna Kek\u00e4l\u00e4inen (Yhteishyv\u00e4 \/ Food Market Herkku)<\/p>\n<div class=\"page-collage-row page-image\">\n<div class=\"page-collage-column\">\n      <a href=\"\"><br \/>\n<img loading=\"lazy\" decoding=\"async\" class=\"alignnone size-full\" src=\"https:\/\/www.finnishplant.com\/wp-content\/uploads\/2021\/05\/2-3.jpg\" alt=\"\" width=\"880\" height=\"566\"><br \/>\n<\/a><span style=\"transform: translate(-50%);\" class=\"collage-info--black\">Kuva: Reetta Pasanen<\/span><\/div>\n<div class=\"page-collage-column\">\n<h3 class=\"page-recipe--tittle\">Pohja:<\/h3>\n<p class=\"page-recipe\">8 kananmunaa<br \/>\n3 dl sokeria<br \/>\n2 tl vaniljasokeria<br \/>\n11\/2 dl vehn\u00e4jauhoja<br \/>\n11\/2 dl perunajauhoja<br \/>\n2tl leivinjauhetta<\/p>\n<\/div>\n<div class=\"page-collage-column\">\n<h3 class=\"page-recipe--tittle\">T\u00e4yte:<\/h3>\n<p class=\"page-recipe\">3 dl vispikermaa<br \/>\n200 g (1prk) mansikkarahkaa<br \/>\n1 dl sokeria<br \/>\n400 g mansikoita<br \/>\n1 dl mansikkahilloa<br \/>\n1 dl (1prk) Ruusun Ter\u00e4lehtihilloa<\/p>\n<\/div>\n<\/div>\n<div class=\"section-separator\"><\/div>\n<div class=\"page-text\">\n<ol class=\"page-recipe--list\">\n<li><span class=\"page-recipe--list-item\">Valmista kakkupohja. Vatkaa munia ja sokeria s\u00e4hk\u00f6vatkaimella n. 5 minuuttia, kunnes vaahto on kuohkeaa. Sekoita kuivat aineet kesken\u00e4\u00e4n ja lis\u00e4\u00e4 jauhoseos munavaahtoon siivil\u00e4n l\u00e4pi. Sekoita nopeasti puuhaarukalla. Levit\u00e4 taikina kahdelle leivinpaperilla p\u00e4\u00e4llystetylle pellille. Paista 7 min. 225 asteessa (kiertoilma 200 astetta).<\/span><\/li>\n<li><span class=\"page-recipe--list-item\">Valmista t\u00e4yte. Vatkaa kerma, rahka ja sokeri vaahdoksi. Leikkaa mansikat pieniksi kuutioiksi.<\/span><\/li>\n<li><span class=\"page-recipe--list-item\">Avaa rullatut kakkupohjat. Siisti reunat tasaisiksi. Leikkaa pohjat pitkitt\u00e4in kahtia yht\u00e4 suuriin osiin. Voit k\u00e4ytt\u00e4\u00e4 apuna viivoitinta tai leikata paperista &#8220;kaavan&#8221;. Levit\u00e4 mansikkahilloa kahdelle ja Ruusun Ter\u00e4lehtihilloa kahdelle levylle. Laita p\u00e4\u00e4lle kerma-rahkaa ja mansikoita. Laita kakkupohjat per\u00e4kk\u00e4in ja k\u00e4\u00e4ri paksuksi, napakaksi k\u00e4\u00e4retortuksi. Kiedo tiukaksi rullaksi ensin leivinpaperiin ja sitten folioon. Nosta rulla pystyyn ja anna j\u00e4hmetty\u00e4 j\u00e4\u00e4kaapissa v\u00e4hint\u00e4\u00e4n tunti.<\/span><\/li>\n<li><span class=\"page-recipe--list-item\">Vatkaa 2 dl vispikermaa ja 2 rkl sokeria vaahdoksi. Levit\u00e4 kakun p\u00e4\u00e4lle ja reunoille. Koristele ruusumarengeilla, mansikoilla, minunlehdill\u00e4 tai ruusun ter\u00e4lehdill\u00e4.<\/span><\/li>\n<\/ol>\n<\/div>\n<div class=\"section-logo\"><img loading=\"lazy\" decoding=\"async\" class=\"alignnone\" src=\"https:\/\/www.finnishplant.com\/wp-content\/uploads\/2021\/05\/s.png\" alt=\"\" width=\"160\" height=\"49\"><\/div>\n<\/div>\n<div id=\"ruusukakku\" class=\"page-content\">\n<h1 class=\"section-title\">Ruusukakku<\/h1>\n<p class=\"page-recipe--name\">Resepti: <a href=\"https:\/\/www.kinuskikissa.fi\/\" style=\"color: #af9b66;\" target=\"_blank\" rel=\"noopener\">kinuskikissa.fi<\/a> \/ hannaleena<\/p>\n<div class=\"page-collage-row page-image\">\n<div class=\"page-collage-column\">\n<h3 class=\"page-recipe--tittle\">Ruusut\u00e4yte:<\/h3>\n<p class=\"page-recipe\">200 g maustamatonta tuorejuustoa<br \/>\n2,5 dl kermaa<br \/>\n1 rkl Ruusun Ter\u00e4lehtihilloa<br \/>\nsokeria maun mukaan<br \/>\n3 kpl liivatelehti\u00e4<br \/>\nn. 5 isoa mansikkaa<br \/>\ntilkka vadelma- tai muuta punaista mehua<\/p>\n<\/div>\n<div class=\"page-collage-column\">\n<h3 class=\"page-recipe--tittle\">Valkosuklaat\u00e4yte:<\/h3>\n<p class=\"page-recipe\">200 g maustamatonta tuorejuustoa<br \/>\n2,5 dl kermaa<br \/>\n145 g valkosuklaata<br \/>\nvaniljasokeria maun mukaan<br \/>\n3 kpl liivatelehti\u00e4<\/p>\n<\/div>\n<div class=\"page-collage-column\">\n<h3 class=\"page-recipe--tittle\">Kiille:<\/h3>\n<p class=\"page-recipe\">1 rkl Ruusun Ter\u00e4lehtihilloa<br \/>\n2,5 dl vadelma- tai muuta punaista mehua<br \/>\n3 kpl liivatelehti\u00e4<\/p>\n<\/div>\n<\/div>\n<div class=\"page-collage-row page-image\">\n<div class=\"page-collage-column\">\n<h3 class=\"page-recipe--tittle\">Pohja:<\/h3>\n<p class=\"page-recipe\">200 g digestive-keksej\u00e4<br \/>\n75 g voita<br \/>\n0,5 dl mantelijauhetta<\/p>\n<\/div>\n<div class=\"page-collage-column\">\n<h3 class=\"page-recipe--tittle\">Kermapursotukset:<\/h3>\n<p class=\"page-recipe\">2,5 dl kermaa<br \/>\n1 tl vaniljakreemijauhetta<br \/>\nsokeria maun mukaan<\/p>\n<\/div>\n<div class=\"page-collage-column\">\n      <img loading=\"lazy\" decoding=\"async\" class=\"alignnone size-full\" src=\"https:\/\/www.finnishplant.com\/wp-content\/uploads\/2021\/05\/3-1.jpg\" alt=\"\" width=\"531\" height=\"531\"><\/div>\n<\/div>\n<div class=\"section-separator\"><\/div>\n<div class=\"page-text\">\n<ol class=\"page-recipe--list\">\n<li><span class=\"page-recipe--list-item\">Murskaa keksit ja sulata voi. Sekoita pohjan aineet kesken\u00e4\u00e4n. Painele seos vuoan pohjalle.<\/span><\/li>\n<li><span class=\"page-recipe--list-item\">Vatkaa kerma vaahdoksi ja sekoita tuorejuustoon. Soseuta mansikat. Sekoita mansikat ja ruusuhillo tuorejuusto-kermaseokseen. Lis\u00e4\u00e4 sokeria maun mukaan. Laita liivatelehdet kylm\u00e4\u00e4n veteen hetkeksi. Purista sitten vesi pois ja sulata kiehuvaan mehuun. Sekoita t\u00e4ytteeseen ja kaada pohjan p\u00e4\u00e4lle. Tasoita pinta. Anna hyyty\u00e4 3 tuntia.<\/span><\/li>\n<li><span class=\"page-recipe--list-item\">Vatkaa kerma vaahdoksi ja sekoita tuorejuustoon. Sulata valkosuklaa varovasti mikrossa. Sekoita suklaa tuorejuusto-kermaseokseen. Lis\u00e4\u00e4 vaniljasokeria maun mukaan. Laita liivatelehdet kylm\u00e4\u00e4n veteen hetkeksi. Purista vesi pois ja sulata kiehuvaan vesitilkkaan. Lis\u00e4\u00e4 t\u00e4ytteeseen ja kaada t\u00e4yte vuokaan ruusut\u00e4ytteen p\u00e4\u00e4lle. Tasoita pinta. Anna hyyty\u00e4 kolme tuntia.<\/span><\/li>\n<li><span class=\"page-recipe--list-item\">Sekoita hillo ja mehu kattilassa ja kiehauta. K\u00e4sittele liivatelehdet kuten edell\u00e4 ja lis\u00e4\u00e4 ne sitten mehuun. Sekoita huolellisesti ja kaada t\u00e4ytteen p\u00e4\u00e4lle. Anna j\u00e4lleen hyyty\u00e4 2-3 tuntia.<\/span><\/li>\n<li><span class=\"page-recipe--list-item\">Vatkaa kerma vaahdoksi, lis\u00e4\u00e4 sokerit ja koristele kakku haluamallasi tavalla.<\/span><\/li>\n<\/ol>\n<\/div>\n<div class=\"section-logo\"><img loading=\"lazy\" decoding=\"async\" class=\"alignnone\" src=\"https:\/\/www.finnishplant.com\/wp-content\/uploads\/2021\/05\/s.png\" alt=\"\" width=\"160\" height=\"49\"><\/div>\n<\/div>\n<div id=\"kuohuviini\" class=\"page-content\">\n<h1 class=\"section-title\">Kuohuviini\u00e4 ja Ruusun Tel\u00e4lehtihilloa<\/h1>\n<div class=\"page-collage-row page-image\">\n<div class=\"page-collage-column\">\n      <a hred=\"\"><br \/>\n<img loading=\"lazy\" decoding=\"async\" class=\"alignnone size-full\" src=\"https:\/\/www.finnishplant.com\/wp-content\/uploads\/2021\/05\/s1k0-1.jpg\" alt=\"\" width=\"322\" height=\"476\"><br \/>\n<\/a><span style=\"transform: translate(-50%);\" class=\"collage-info--white responsive-text\">Kuva: Jennifer Delhotellerie<\/span><\/div>\n<div class=\"page-collage-column\">\n      <a hred=\"\"><br \/>\n<img loading=\"lazy\" decoding=\"async\" class=\"alignnone size-full\" src=\"https:\/\/www.finnishplant.com\/wp-content\/uploads\/2021\/05\/s1k0-2.jpg\" alt=\"\" width=\"323\" height=\"476\"><br \/>\n<\/a><span style=\"transform: translate(-50%);\" class=\"collage-info--white responsive-text\">Kuva: Jennifer Delhotellerie<\/span><\/div>\n<div class=\"page-collage-column\">\n      <a hred=\"\"><br \/>\n<img loading=\"lazy\" decoding=\"async\" class=\"alignnone size-full\" src=\"https:\/\/www.finnishplant.com\/wp-content\/uploads\/2021\/05\/Untitled-3.jpg\" alt=\"\" width=\"321\" height=\"474\"><br \/>\n<\/a><span style=\"transform: translate(-50%);\" class=\"collage-info--white responsive-text\">Kuva: Jennifer Delhotellerie<\/span><\/div>\n<div class=\"page-collage-column\">\n      <a hred=\"\"><br \/>\n<img loading=\"lazy\" decoding=\"async\" class=\"alignnone size-full\" src=\"https:\/\/www.finnishplant.com\/wp-content\/uploads\/2021\/05\/Untitled-4.jpg\" alt=\"\" width=\"322\" height=\"477\"><br \/>\n<\/a><span style=\"transform: translate(-50%);\" class=\"collage-info--white responsive-text\">Kuva: Jennifer Delhotellerie<\/span><\/div>\n<\/div>\n<div class=\"section-logo\"><img loading=\"lazy\" decoding=\"async\" class=\"alignnone\" src=\"https:\/\/www.finnishplant.com\/wp-content\/uploads\/2021\/05\/s.png\" alt=\"\" width=\"160\" height=\"49\"><\/div>\n<\/div>\n<div id=\"just-for-you\" class=\"page-content\">\n<h1 class=\"section-title\">Just for You<\/h1>\n<p class=\"page-recipe--name\">Resepti: Jari Hakkarainen<\/p>\n<div class=\"page-collage-row page-image\">\n<div class=\"page-collage-column\">\n      <a hred=\"\"><br \/>\n<img loading=\"lazy\" decoding=\"async\" class=\"alignnone size-full\" src=\"https:\/\/www.finnishplant.com\/wp-content\/uploads\/2021\/05\/5-1.jpg\" alt=\"\" width=\"583\" height=\"614\"><br \/>\n<\/a><span style=\"transform: translate(-50%);\" class=\"collage-info--black\">Kuva: Mika Lev\u00e4lampi<\/span><\/div>\n<div class=\"page-collage-column\">\n<h3 class=\"page-recipe--tittle\">Ainekset:<\/h3>\n<p class=\"page-recipe\">1 cl Professor Cornelius Ampleforth\u00b4s Bathtub Old Tom Gin<br \/>\n1 cl Professor Cornelius Ableforth\u00b4s Bathtub Sloe Gin<br \/>\n2 cl Punajuurisiirappia<br \/>\nrkl Finnish Plant Ruusun Ter\u00e4lehtihilloa<br \/>\n9 cl Domaine Seppi Landmann Brut, Vallee Noble -kuohuviini\u00e4<\/p>\n<h3 class=\"page-recipe--tittle\">Koristeeksi:<\/h3>\n<p class=\"page-recipe\">Katajaa, ruusua ja raitajuurta<\/p>\n<\/div>\n<\/div>\n<div class=\"section-logo\"><img loading=\"lazy\" decoding=\"async\" class=\"alignnone\" src=\"https:\/\/www.finnishplant.com\/wp-content\/uploads\/2021\/05\/s.png\" alt=\"\" width=\"160\" height=\"49\"><\/div>\n<\/div>\n<div id=\"juusto-opas\" class=\"page-content\">\n<h1 class=\"section-title\">Ruusuinen juusto-opas<\/h1>\n<div class=\"page-collage-row page-image\">\n<div class=\"page-collage-column\">\n<div class=\"page-collage--image\">\n        <a href=\"\"><br \/>\n<img loading=\"lazy\" decoding=\"async\" class=\"alignnone size-full\" src=\"https:\/\/www.finnishplant.com\/wp-content\/uploads\/2021\/05\/6.jpg\" alt=\"\" width=\"804\" height=\"602\"><br \/>\n<\/a><span style=\"transform: translate(-50%);\" class=\"collage-info--black\">Kuva: Anuliina Pineda<\/span><\/div>\n<\/div>\n<div class=\"page-collage-column\">\n<p class=\"content-paragraph\">Ruusun Ter\u00e4lehtihillo soveltuu erinomaisesti juustoille ja<br \/>\nerityisesti tuotteille, joita perinteisesti nautitaan viikunahillon kera.<br \/>\nSeuraavat juustot sopivat Ruusun Ter\u00e4lehtihillon pariksi.<\/p>\n<ul style=\"text-align: left; line-height: 2;\" class=\"page-info--list\">\n<li><span class=\"page-info--list-item\">Puolikovat ja kovat kyps\u00e4t lehm\u00e4nmaitojuustot: Gruyere, Mature Cheddar, Appenzeller<\/span><\/li>\n<li><span class=\"page-info--list-item\">Puolikovat grillijuustot: Halloumi, grillijuusto<\/span><\/li>\n<li><span class=\"page-info--list-item\">Kovat kyps\u00e4t lampaan- ja vuohenmaitojuustot: Manchego, Pecorino<\/span><\/li>\n<li><span class=\"page-info--list-item\">Puolipehme\u00e4t ja pehme\u00e4t lehm\u00e4nmaitojuustot: Tallegio (Milanon alueen Brie-tyyppinen juusto), Camembert, Brie<\/span><\/li>\n<li><span class=\"page-info--list-item\">Pehme\u00e4t lampaan- ja vuohenmaitojuustot: Vuohenjuusto, Feta<\/span><\/li>\n<li><span class=\"page-info--list-item\">Tuorejuustot: Mascarpone<\/span><\/li>\n<li><span class=\"page-info--list-item\">Sinihomejuustot: Stilton, Gorgonzola, Roqueford<\/span><\/li>\n<\/ul>\n<\/div>\n<\/div>\n<div class=\"page-text\">\n<h3 style=\"text-align: left;\" class=\"page-recipe--tittle\">Tarjoiluehdotuksia:<\/h3>\n<ul class=\"page-info--list\">\n<li><span class=\"page-info--list-item\">Voitaikinan p\u00e4\u00e4ll\u00e4 vuohenjuusto, hunaja, Ruusun Ter\u00e4lehtihillo, saksanp\u00e4hkin\u00e4<\/span><\/li>\n<li><span class=\"page-info--list-item\">Paistettu halloumi, Ruusun Ter\u00e4lehtihillo ja kuullotetut horsman versot<\/span><\/li>\n<li><span class=\"page-info--list-item\">Juustolautasellle gruyere, stilton \/ gorgonzola, camembert ja Ruusun Ter\u00e4lehtihillo<\/span><\/li>\n<li><span class=\"page-info--list-item\">Juustokakku Ruusun Ter\u00e4lehtihillolla<\/span><\/li>\n<\/ul>\n<\/div>\n<div class=\"section-logo\"><img loading=\"lazy\" decoding=\"async\" class=\"alignnone\" src=\"https:\/\/www.finnishplant.com\/wp-content\/uploads\/2021\/05\/s.png\" alt=\"\" width=\"160\" height=\"49\"><\/div>\n<\/div>\n<div id=\"ruusu-meloni-carpaccio\" class=\"page-content\">\n<h1 class=\"section-title\">Ruusu-meloni-carpaccio<\/h1>\n<div class=\"page-collage-row page-image\">\n<div class=\"page-collage-column\">\n      <img loading=\"lazy\" decoding=\"async\" class=\"alignnone size-full\" src=\"https:\/\/www.finnishplant.com\/wp-content\/uploads\/2021\/05\/7.jpg\" alt=\"\" width=\"718\" height=\"627\"><\/div>\n<div class=\"page-collage-column\">\n<h3 class=\"page-recipe--tittle\">Ainekset:<\/h3>\n<p class=\"page-recipe\">1 siemenet\u00f6n vesimeloni<br \/>\n120 g Finnish Plant Ruusun Ter\u00e4lehtihilloa<br \/>\nmarjoja maun mukaan (esim. viinimarjat)<\/p>\n<\/div>\n<\/div>\n<div class=\"section-separator\"><\/div>\n<div class=\"page-text\">\n<ol class=\"page-recipe--list\">\n<li><span class=\"page-recipe--list-item\">Kuori vesimeloni kokonaisena ja poista kannat.<\/span><\/li>\n<li><span class=\"page-recipe--list-item\">Viipaloi meloni ohuiksi siivuiksi. Vinkki: Laita meloni seisomaan kannallaan \u201dpystyss\u00e4\u201d ja viipaloi vaakasuoraan ter\u00e4v\u00e4ll\u00e4 veitsell\u00e4.<\/span><\/li>\n<li><span class=\"page-recipe--list-item\">Asettele laakealle vadille kerroksittain vesimelonin siivuja ja Ruusun Ter\u00e4lehtihilloa.<\/span><\/li>\n<li><span class=\"page-recipe--list-item\">Koristele kourallisella marjoja.<\/span><\/li>\n<\/ol>\n<\/div>\n<div class=\"section-logo\"><img loading=\"lazy\" decoding=\"async\" class=\"alignnone\" src=\"https:\/\/www.finnishplant.com\/wp-content\/uploads\/2021\/05\/s.png\" alt=\"\" width=\"160\" height=\"49\"><\/div>\n<\/div>\n<div id=\"ruusuinen-hernekeitto\" class=\"page-content\">\n<h1 class=\"section-title\">Ruusuinen hernekeitto<\/h1>\n<div class=\"page-collage-row page-image\">\n<div class=\"page-collage-column\">\n      <img loading=\"lazy\" decoding=\"async\" class=\"alignnone size-full\" src=\"https:\/\/www.finnishplant.com\/wp-content\/uploads\/2021\/05\/8.jpg\" alt=\"\" width=\"708\" height=\"638\"><\/div>\n<div class=\"page-collage-column\">\n<h3 class=\"page-recipe--tittle\">Ainekset:<\/h3>\n<p class=\"page-recipe\">600 g pakasteherneit\u00e4<br \/>\n1 sipuli<br \/>\n3 rkl \u00f6ljy\u00e4<br \/>\n2 valkosipulin kyntt\u00e4<br \/>\n1 tl kanelia<br \/>\n2 tl raastettua inkiv\u00e4\u00e4ri\u00e4<br \/>\n400g kookosmaitoa<br \/>\n1 kasvisliemikuutio<br \/>\n3 dl vett\u00e4<br \/>\n3 tl Finnish Plant Ruusun Ter\u00e4lehtihilloa<br \/>\n1 rkl sitruunamehua<br \/>\n2 tl balsamietikkaa<\/p>\n<\/div>\n<\/div>\n<div class=\"section-separator\"><\/div>\n<div class=\"page-text\">\n<ol class=\"page-recipe--list\">\n<li><span class=\"page-recipe--list-item\">Kuullota kattilassa \u00f6ljyss\u00e4 pilkottu sipuli, valkosipuli, inkiv\u00e4\u00e4ri ja kaneli.<\/span><\/li>\n<li><span class=\"page-recipe--list-item\">Lis\u00e4\u00e4 sulaneet pakasteherneet ja sekoita, jotta maut imeytyv\u00e4t. Laita kuumaan veteen liemikuutio ja lis\u00e4\u00e4 kattilaan.<\/span><\/li>\n<li><span class=\"page-recipe--list-item\">Anna keiton kiehua noin 4 minuuttia ja lis\u00e4\u00e4 Ruusun Ter\u00e4lehtihillo sek\u00e4 kookosmaito. Sekoita keitto sauvasekoittimella niin ett\u00e4 herneet j\u00e4\u00e4v\u00e4t mukavan rouheiksi.<\/span><\/li>\n<li><span class=\"page-recipe--list-item\">Siirr\u00e4 hetkeksi kuumalle liedelle ja lis\u00e4\u00e4 keittoon viel\u00e4 sitruunamehu, balsamietikka ja maun mukaan suolaa ja mustapippuria.<\/span><\/li>\n<li><span class=\"page-recipe--list-item\">Tarjoile keitto ranskankerman, Ruusun Ter\u00e4lehtihillon, ruohosipulisilpun ja paahdettujen siementen kanssa.<\/span><\/li>\n<\/ol>\n<\/div>\n<div class=\"section-logo\"><img loading=\"lazy\" decoding=\"async\" class=\"alignnone\" src=\"https:\/\/www.finnishplant.com\/wp-content\/uploads\/2021\/05\/s.png\" alt=\"\" width=\"160\" height=\"49\"><\/div>\n<\/div>\n","protected":false},"excerpt":{"rendered":"<p>Takaisin Ruusumarengit Resepti: Sari \/ Viljattoman Vallaton blog Ainekset: n. 30 kpl 4 kananmunan valkuaista 2,5 dl sokeria 2 tl perunajauhoja 1tl sitruunamehua 1tl vaniljasokeria 2tl Ruusun Ter\u00e4lehtihilloa Erottele kananmunista valkuaiset. Mittaa sokeri puoliksi kahteen eri kulhoon. Sekoita toiseen kulhoon perunajauhot ja vanilja sokerin joukkoon. Vaahdota valkuaiset s\u00e4hk\u00f6vatkaimella ter\u00e4s- tai lasikulhossa. Lis\u00e4\u00e4 ensin pelkk\u00e4\u00e4 sokeria [&hellip;]<\/p>\n","protected":false},"author":1,"featured_media":0,"parent":0,"menu_order":0,"comment_status":"closed","ping_status":"closed","template":"page-templates\/full-width.php","meta":{"footnotes":""},"class_list":["post-502","page","type-page","status-publish","hentry"],"_links":{"self":[{"href":"https:\/\/www.finnishplant.com\/index.php?rest_route=\/wp\/v2\/pages\/502","targetHints":{"allow":["GET"]}}],"collection":[{"href":"https:\/\/www.finnishplant.com\/index.php?rest_route=\/wp\/v2\/pages"}],"about":[{"href":"https:\/\/www.finnishplant.com\/index.php?rest_route=\/wp\/v2\/types\/page"}],"author":[{"embeddable":true,"href":"https:\/\/www.finnishplant.com\/index.php?rest_route=\/wp\/v2\/users\/1"}],"replies":[{"embeddable":true,"href":"https:\/\/www.finnishplant.com\/index.php?rest_route=%2Fwp%2Fv2%2Fcomments&post=502"}],"version-history":[{"count":14,"href":"https:\/\/www.finnishplant.com\/index.php?rest_route=\/wp\/v2\/pages\/502\/revisions"}],"predecessor-version":[{"id":890,"href":"https:\/\/www.finnishplant.com\/index.php?rest_route=\/wp\/v2\/pages\/502\/revisions\/890"}],"wp:attachment":[{"href":"https:\/\/www.finnishplant.com\/index.php?rest_route=%2Fwp%2Fv2%2Fmedia&parent=502"}],"curies":[{"name":"wp","href":"https:\/\/api.w.org\/{rel}","templated":true}]}}