{"id":501,"date":"2021-05-10T21:03:14","date_gmt":"2021-05-10T19:03:14","guid":{"rendered":"http:\/\/www.finnishplant.com\/?page_id=501"},"modified":"2022-10-21T17:55:56","modified_gmt":"2022-10-21T15:55:56","slug":"tuotetiedot","status":"publish","type":"page","link":"https:\/\/www.finnishplant.com\/?page_id=501","title":{"rendered":"fi-tuotetiedot"},"content":{"rendered":"<div class=\"page-lang--menu\">\n<div class=\"page-lang--flags\">\n    <a href=\"https:\/\/www.finnishplant.com\/?page_id=501\"><img loading=\"lazy\" decoding=\"async\" class=\"alignnone size-full\" src=\"https:\/\/www.finnishplant.com\/wp-content\/uploads\/2021\/05\/fi.jpg\" alt=\"\" width=\"19\" height=\"14\"><\/a><a href=\"https:\/\/www.finnishplant.com\/?page_id=519\"><img loading=\"lazy\" decoding=\"async\" class=\"alignnone size-full\" src=\"https:\/\/www.finnishplant.com\/wp-content\/uploads\/2021\/05\/de.jpg\" alt=\"\" width=\"19\" height=\"14\"><\/a><a href=\"https:\/\/www.finnishplant.com\/?page_id=513\"><img loading=\"lazy\" decoding=\"async\" class=\"alignnone size-full\" src=\"https:\/\/www.finnishplant.com\/wp-content\/uploads\/2021\/05\/en.jpg\" alt=\"\" width=\"19\" height=\"14\"><\/a><\/div>\n<\/div>\n<div class=\"back-button\"><a href=\"https:\/\/www.finnishplant.com\/?page_id=500\">Takaisin<\/a><\/div>\n<div class=\"section-separator\"><\/div>\n<div id=\"ruusun-teralehtihillo\" class=\"page-content\">\n<div class=\"section-logo\">\n    <img loading=\"lazy\" decoding=\"async\" class=\"alignnone\" src=\"https:\/\/www.finnishplant.com\/wp-content\/uploads\/2021\/05\/s.png\" alt=\"\" width=\"160\" height=\"49\"><\/div>\n<div class=\"page-image\">\n    <img loading=\"lazy\" decoding=\"async\" class=\"alignnone size-full\" src=\"https:\/\/www.finnishplant.com\/wp-content\/uploads\/2021\/05\/0.jpg\" alt=\"\" width=\"1288\" height=\"708\"><\/div>\n<h1 class=\"section-title\">Ruusun Ter\u00e4lehtihillo<\/h1>\n<div class=\"page-text\">\n<p class=\"content-paragraph\">Finnish Plantin Ruusun Ter\u00e4lehtihillo valmistetaan rakkaudella pellolta p\u00f6yt\u00e4\u00e4n. Luomuviljellyn ruusun kukat ker\u00e4t\u00e4\u00e4n k\u00e4sin kes\u00e4-syyskuussa ja vain parhaat kukinnot kelpaavat hillon raaka-aineeksi. Hillon sokeripitoisuus (25g\/100g) on maltillinen, sill\u00e4 p\u00e4\u00e4osassa on itse raaka-aine, tarhakurtturuusu Rosa Rugosa Hybrid.<\/p>\n<p class=\"content-paragraph\">T\u00e4m\u00e4 luomuihanuus on t\u00e4ydellinen kulinaristin lahja, joka avaa uusien makuyhdistelmien maailman. Se soveltuu niin ammattilaisen kuin kotikulinaristinkin k\u00e4siin ruoka- ja juomael\u00e4mysten luomiseen.<\/p>\n<p class=\"content-paragraph\">Ruusun ter\u00e4lehtihillon maku on raikas, liev\u00e4n karvas ja viipyilev\u00e4. Se soveltuu erinomaisesti  juuston, jugurtin, j\u00e4\u00e4tel\u00f6n, suklaan, ankan, riistaruokien, lampaan ja valkoisen kalan kanssa nautittavaksi. Ruusun ter\u00e4lehtihillosta voi my\u00f6s tehd\u00e4 maukkaita marinadeja.<\/p>\n<\/div>\n<h3 class=\"page-add-information\">Ruoka- ja juomael\u00e4myksen aatelointiin. Huippukokkien rakastama. T\u00e4ydellinen kulinaristin lahja.<\/h3>\n<div class=\"section-logo\"><img loading=\"lazy\" decoding=\"async\" class=\"alignnone\" src=\"https:\/\/www.finnishplant.com\/wp-content\/uploads\/2021\/05\/s.png\" alt=\"\" width=\"160\" height=\"49\"><\/div>\n<\/div>\n<div id=\"mista-saa\" class=\"page-content\">\n<h1 class=\"section-title\">Mist\u00e4 saa?<\/h1>\n<div class=\"page-text\">\n<p class=\"content-paragraph\"><b>J\u00e4lleenmyyj\u00e4t<\/b><br \/>\nHaluatko myyd\u00e4 ruusun ter\u00e4lehtihilloa kaupassasi? L\u00f6yd\u00e4 meid\u00e4t <a href=\"https:\/\/www.ankorstore.com\/lift\/finnish-plant-16779\" target=\"_blank\" rel=\"noopener\">Ankorstore<\/a> verkkokaupasta! Black Friday 17. &#8211; 26. lokakuuta!<\/p>\n<p class=\"content-paragraph\"><b>Online<\/b><br \/>\n<a href=\"https:\/\/omapuoti.fi\/p37370\/ruusuhillo\" target=\"_blank\" rel=\"noopener\">Omapuoti<\/a><br \/>\n<a href=\"https:\/\/www.nordictemptations.com\/products.html?id=6735\/856375\" target=\"_blank\" rel=\"noopener\">Nordic Temptations<\/a><br \/>\n<a href=\"https:\/\/littlefinland.de\/en\/berries-jams\/327-finnish-plant-ruusun-teraelehtihillo-rose-petal-confiture-120g.html\" target=\"_blank\" rel=\"noopener\">Little Finland<\/a><\/p>\n<p class=\"content-paragraph\"><b>Suomessa<\/b><br \/>\nHyvin varustelluista K-marketeista<br \/>\nFood Market Herkku<br \/>\nOmapuoti, Helsinki<br \/>\nYkk\u00f6sherkku, Kuopio<br \/>\nSonjan Herkku, Tammisaari<br \/>\nL\u00e4hiruokatori Heinolan Heila, Heinola<\/p>\n<\/div>\n<h3 class=\"page-add-information\">Luomuherkku vailla vertaa!<\/h3>\n<div class=\"section-logo\">\n    <img loading=\"lazy\" decoding=\"async\" class=\"alignnone\" src=\"https:\/\/www.finnishplant.com\/wp-content\/uploads\/2021\/05\/s.png\" alt=\"\" width=\"160\" height=\"49\"><\/div>\n<\/div>\n<div id=\"tuotetiedot\" class=\"page-content\">\n<h1 class=\"section-title\">Tuotetiedot<\/h1>\n<div class=\"page-collage-row page-image\">\n<div class=\"page-collage-column\">\n      <img loading=\"lazy\" decoding=\"async\" class=\"alignnone size-full\" src=\"https:\/\/www.finnishplant.com\/wp-content\/uploads\/2021\/05\/1-1.jpg\" alt=\"\" width=\"975\" height=\"691\"><\/div>\n<div class=\"page-collage-column\">\n      <img loading=\"lazy\" decoding=\"async\" class=\"alignnone size-full\" src=\"https:\/\/www.finnishplant.com\/wp-content\/uploads\/2021\/05\/2-2.jpg\" alt=\"\" width=\"926\" height=\"691\"><\/div>\n<\/div>\n<div class=\"page-text\">\n<p class=\"content-paragraph\"><b>Energiasis\u00e4lt\u00f6 keskim\u00e4\u00e4rin 100g:<\/b><br \/>\nenergiaa 459kJ\/110Kcal<br \/>\nhiilihydraatteja 27g<br \/>\n(josta sokeria 25g)<br \/>\nrasvaa 0g<br \/>\nproteiinia 0g<br \/>\nsuolaa 0g<\/p>\n<p class=\"content-paragraph\"><b>Ainesosat:<\/b><br \/>\nvesi, sokeri, ruusun ter\u00e4lehti* (15%), viinimarja*, sitruuna*, sakeutusaine pektiini, happamuuden s\u00e4\u00e4t\u00f6aine sitruunahappo<\/p>\n<p style=\"margin-bottom: 5em;\" class=\"content-sources\">*luomutuotanto<\/p>\n<p class=\"content-paragraph\">Parhaiten hillo s\u00e4ilyy viile\u00e4ss\u00e4 ja valolta suojattuna. S\u00e4ilyvyys 11 kk valmistuksesta. Avattuna j\u00e4\u00e4kaapissa noin viikon.<\/p>\n<\/div>\n<h3 class=\"page-add-information\">Kuluttajatuote: 120g, lasipurkki, EAN: 6430048400014<br \/>\nAmmattikeitti\u00f6tuote: 460g, lasipurkki,  EAN: 6430048400021<\/h3>\n<div class=\"section-logo\"><img loading=\"lazy\" decoding=\"async\" class=\"alignnone\" src=\"https:\/\/www.finnishplant.com\/wp-content\/uploads\/2021\/05\/s.png\" alt=\"\" width=\"160\" height=\"49\"><\/div>\n<\/div>\n<div id=\"pakastekuivattu\" class=\"page-content\">\n<h1 class=\"section-title\">Pakastekuivatut Ruusun Ter\u00e4lehdet<\/h1>\n<div class=\"page-image\">\n    <img loading=\"lazy\" decoding=\"async\" class=\"alignnone size-full\" src=\"https:\/\/www.finnishplant.com\/wp-content\/uploads\/2021\/05\/3.jpg\" alt=\"\" width=\"1903\" height=\"761\"><\/div>\n<div class=\"page-text\">\n<p class=\"content-paragraph\">Finnish Plant valmistaa pakastekuivattuja Ruusun Ter\u00e4lehtia luomu Rosa Rugosa Hybrid lajikkeesta omassa pakastekuivaimessaan. Kukkien pakastekuivaaminen vaatii erityist\u00e4 laitteistoa ja tarkkaa prosessia. Pakastekuivaamalla v\u00e4ri, maku ja ravinteet s\u00e4ilyv\u00e4t erinomaisen hyvin.<\/p>\n<p class=\"content-paragraph\">Pakastekuivattua Ruusun Ter\u00e4lehte\u00e4 k\u00e4ytet\u00e4\u00e4n ammattikeitti\u00f6iss\u00e4 ruokien ja juomien koristeluun ja maustamiseen.<\/p>\n<p class=\"content-paragraph\">Ter\u00e4lehdet sopivat mainiosti esimerkiksi suklaan ja shampanjan makupariksi.T\u00e4m\u00e4 on todellinen ylellisyystuote!<\/p>\n<p class=\"content-paragraph\">Tuotetta on saatavilla ammatik\u00e4ytt\u00f6\u00f6n 30g ilmatiiviiss\u00e4 pussissa.<\/p>\n<p class=\"content-paragraph\"><b>Ainesosat:<\/b><br \/>\nPakastekuivattu luomu Rosa Rugosa hybrid ter\u00e4lehti.<\/p>\n<\/div>\n<h3 class=\"page-add-information\">Ruokien ja juomien koristeluun ja maustamiseen.<\/h3>\n<div class=\"section-logo\"><img loading=\"lazy\" decoding=\"async\" class=\"alignnone\" src=\"https:\/\/www.finnishplant.com\/wp-content\/uploads\/2021\/05\/s.png\" alt=\"\" width=\"160\" height=\"49\"><\/div>\n<\/div>\n<div id=\"ruusun-makuparit\" class=\"page-content\">\n<h1 class=\"section-title\">Ruusun makuparit<\/h1>\n<div class=\"page-collage-row page-image\">\n<div class=\"page-collage-column\">\n      <img loading=\"lazy\" decoding=\"async\" style=\"margin: 0;\" class=\"alignnone size-full\" src=\"https:\/\/www.finnishplant.com\/wp-content\/uploads\/2021\/05\/s2k1-1.jpg\" alt=\"\" width=\"492\" height=\"350\"><br \/>\n<img loading=\"lazy\" decoding=\"async\" style=\"margin: 0;\" class=\"alignnone size-full\" src=\"https:\/\/www.finnishplant.com\/wp-content\/uploads\/2021\/05\/s2k1-2.jpg\" alt=\"\" width=\"493\" height=\"329\"><\/div>\n<div class=\"page-collage-column\">\n      <img loading=\"lazy\" decoding=\"async\" style=\"margin: 0;\" class=\"alignnone size-full\" src=\"https:\/\/www.finnishplant.com\/wp-content\/uploads\/2021\/05\/s2k1-3.jpg\" alt=\"\" width=\"418\" height=\"359\"><br \/>\n<img loading=\"lazy\" decoding=\"async\" style=\"margin: 0;\" class=\"alignnone size-full\" src=\"https:\/\/www.finnishplant.com\/wp-content\/uploads\/2021\/05\/s2k1-4.jpg\" alt=\"\" width=\"418\" height=\"329\"><\/div>\n<div class=\"page-collage-column\">\n      <img loading=\"lazy\" decoding=\"async\" style=\"margin: 0;\" class=\"alignnone size-full\" src=\"https:\/\/www.finnishplant.com\/wp-content\/uploads\/2021\/05\/s2k1-5.jpg\" alt=\"\" width=\"375\" height=\"709\"><\/div>\n<div class=\"page-collage-column\">\n      <img loading=\"lazy\" decoding=\"async\" style=\"margin: 0;\" class=\"alignnone size-full\" src=\"https:\/\/www.finnishplant.com\/wp-content\/uploads\/2021\/05\/s2k1-6.jpg\" alt=\"\" width=\"468\" height=\"351\"><br \/>\n<img loading=\"lazy\" decoding=\"async\" style=\"margin: 0;\" class=\"alignnone size-full\" src=\"https:\/\/www.finnishplant.com\/wp-content\/uploads\/2021\/05\/s2k1-7.jpg\" alt=\"\" width=\"468\" height=\"316\"><\/div>\n<\/div>\n<div class=\"page-collage-row page-image\">\n<div class=\"page-collage-column-flex\">\n<ul class=\"page-list\">\n<li>Cocktaileihin (shampanja, prosecco)<\/li>\n<li>J\u00e4lkiruokiin (jugurtti ja rahka)<\/li>\n<li>Leivonnaisiin (suklaiset maut)<\/li>\n<\/ul>\n<\/div>\n<div class=\"page-collage-column-flex\">\n<ul class=\"page-list\">\n<li>Lihalle (ankka, lammas, riista)<\/li>\n<li>Kalalle ja merenel\u00e4ville (valkeat kalat)<\/li>\n<li>Juustoille (gruyere, sinihome)<\/li>\n<\/ul>\n<\/div>\n<div class=\"page-collage-column-flex\">\n<ul class=\"page-list\">\n<li>Kastikkeisiin (sitruunaiset, hedelm\u00e4iset)<\/li>\n<li>Keittoihin (herne, tomaatti)<\/li>\n<li>Juomasekoituksiin (yrttitee, seljankukka)<\/li>\n<\/ul>\n<\/div>\n<\/div>\n<h3 class=\"page-add-information\">Osterit, kuohuviini, juustot ja villiyrtit, suklaa ja pistaasi, valkea kala<\/h3>\n<div class=\"section-logo\"><img loading=\"lazy\" decoding=\"async\" class=\"alignnone\" src=\"https:\/\/www.finnishplant.com\/wp-content\/uploads\/2021\/05\/s.png\" alt=\"\" width=\"160\" height=\"49\"><\/div>\n<\/div>\n","protected":false},"excerpt":{"rendered":"<p>Takaisin Ruusun Ter\u00e4lehtihillo Finnish Plantin Ruusun Ter\u00e4lehtihillo valmistetaan rakkaudella pellolta p\u00f6yt\u00e4\u00e4n. Luomuviljellyn ruusun kukat ker\u00e4t\u00e4\u00e4n k\u00e4sin kes\u00e4-syyskuussa ja vain parhaat kukinnot kelpaavat hillon raaka-aineeksi. Hillon sokeripitoisuus (25g\/100g) on maltillinen, sill\u00e4 p\u00e4\u00e4osassa on itse raaka-aine, tarhakurtturuusu Rosa Rugosa Hybrid. T\u00e4m\u00e4 luomuihanuus on t\u00e4ydellinen kulinaristin lahja, joka avaa uusien makuyhdistelmien maailman. Se soveltuu niin ammattilaisen kuin kotikulinaristinkin [&hellip;]<\/p>\n","protected":false},"author":1,"featured_media":0,"parent":0,"menu_order":0,"comment_status":"closed","ping_status":"closed","template":"page-templates\/full-width.php","meta":{"footnotes":""},"class_list":["post-501","page","type-page","status-publish","hentry"],"_links":{"self":[{"href":"https:\/\/www.finnishplant.com\/index.php?rest_route=\/wp\/v2\/pages\/501","targetHints":{"allow":["GET"]}}],"collection":[{"href":"https:\/\/www.finnishplant.com\/index.php?rest_route=\/wp\/v2\/pages"}],"about":[{"href":"https:\/\/www.finnishplant.com\/index.php?rest_route=\/wp\/v2\/types\/page"}],"author":[{"embeddable":true,"href":"https:\/\/www.finnishplant.com\/index.php?rest_route=\/wp\/v2\/users\/1"}],"replies":[{"embeddable":true,"href":"https:\/\/www.finnishplant.com\/index.php?rest_route=%2Fwp%2Fv2%2Fcomments&post=501"}],"version-history":[{"count":18,"href":"https:\/\/www.finnishplant.com\/index.php?rest_route=\/wp\/v2\/pages\/501\/revisions"}],"predecessor-version":[{"id":920,"href":"https:\/\/www.finnishplant.com\/index.php?rest_route=\/wp\/v2\/pages\/501\/revisions\/920"}],"wp:attachment":[{"href":"https:\/\/www.finnishplant.com\/index.php?rest_route=%2Fwp%2Fv2%2Fmedia&parent=501"}],"curies":[{"name":"wp","href":"https:\/\/api.w.org\/{rel}","templated":true}]}}