{"id":500,"date":"2021-05-10T21:02:56","date_gmt":"2021-05-10T19:02:56","guid":{"rendered":"http:\/\/www.finnishplant.com\/?page_id=500"},"modified":"2026-02-08T14:04:45","modified_gmt":"2026-02-08T12:04:45","slug":"etusivu","status":"publish","type":"page","link":"https:\/\/www.finnishplant.com\/?page_id=500","title":{"rendered":"etusivu"},"content":{"rendered":"<div class=\"page-lang--menu\">\n<div class=\"page-lang--flags\"><a href=\"https:\/\/www.finnishplant.com\/?page_id=500\"><img loading=\"lazy\" decoding=\"async\" class=\"alignnone size-full\" src=\"https:\/\/www.finnishplant.com\/wp-content\/uploads\/2021\/05\/fi.jpg\" alt=\"\" width=\"19\" height=\"14\" \/><\/a><a href=\"https:\/\/www.finnishplant.com\/?page_id=518\"><img loading=\"lazy\" decoding=\"async\" class=\"alignnone size-full\" src=\"https:\/\/www.finnishplant.com\/wp-content\/uploads\/2021\/05\/de.jpg\" alt=\"\" width=\"19\" height=\"14\" \/><\/a><a href=\"https:\/\/www.finnishplant.com\/?page_id=512\"><img loading=\"lazy\" decoding=\"async\" class=\"alignnone size-full\" src=\"https:\/\/www.finnishplant.com\/wp-content\/uploads\/2021\/05\/en.jpg\" alt=\"\" width=\"19\" height=\"14\" \/><\/a><\/div>\n<\/div>\n<div class=\"section-separator\"><\/div>\n<div class=\"section-logo\"><img loading=\"lazy\" decoding=\"async\" class=\"alignnone\" src=\"https:\/\/www.finnishplant.com\/wp-content\/uploads\/2021\/05\/s.png\" alt=\"\" width=\"160\" height=\"49\" \/><\/div>\n<div class=\"page-image\"><img loading=\"lazy\" decoding=\"async\" class=\"alignnone size-full\" src=\"https:\/\/www.finnishplant.com\/wp-content\/uploads\/2021\/05\/1.jpg\" alt=\"\" width=\"1288\" height=\"708\" \/><\/div>\n<div id=\"maista-ruusu\" class=\"page-content\">\n<h1 class=\"section-title\">Maista Ruusu<\/h1>\n<div class=\"page-collage-row-flex\">\n<div class=\"page-collage-row-flex--item\"><iframe loading=\"lazy\" title=\"YouTube video player\" src=\"https:\/\/www.youtube.com\/embed\/RyhFNmT6ZiY\" width=\"640\" height=\"385\" frameborder=\"0\" allowfullscreen=\"allowfullscreen\"><\/iframe><\/div>\n<div class=\"page-collage-row-flex--item\"><\/div>\n<\/div>\n<div class=\"page-text\">\n<p class=\"content-paragraph\">Finnish Plant jalostaa ja kasvattaa suomalaista sy\u00f6t\u00e4v\u00e4\u00e4 ruusua Varsinais-Suomen Vampulassa. Keskiy\u00f6n auringon alla kasvanut tarhakurtturuusu (Rosa Rugosa Hybrid) on t\u00e4ydellinen yhdistelm\u00e4 terveellisi\u00e4 antosyaaneja ja j\u00e4ljittelem\u00e4t\u00f6nt\u00e4 makua. Katso <a href=\"https:\/\/www.finnishplant.com\/?page_id=501\/#mista-saa\">mist\u00e4 saa<\/a>!<\/p>\n<p class=\"content-paragraph\">&#8220;Kun tuulen py\u00f6rre pyyhk\u00e4isee pellon l\u00e4pi, kuulen ruusun ter\u00e4lehtien havinassa musiikin. Heti tilaisuuden tullen on p\u00e4\u00e4st\u00e4v\u00e4 pianon \u00e4\u00e4reen. Musisoivalle maanviljelij\u00e4lle luovuuden l\u00e4hde avautuu koti-ikkunan takana.&#8221;<\/p>\n<p class=\"content-paragraph\">Matti &#8220;Working with Roses&#8221; teoksen synnyst\u00e4<\/p>\n<\/div>\n<div class=\"section-logo\"><img loading=\"lazy\" decoding=\"async\" class=\"alignnone\" src=\"https:\/\/www.finnishplant.com\/wp-content\/uploads\/2021\/05\/s.png\" alt=\"\" width=\"160\" height=\"49\" \/><\/div>\n<\/div>\n<div id=\"tuotteet\" class=\"page-content\">\n<h1 class=\"section-title\">Tuotteet<\/h1>\n<div class=\"page-image\"><a href=\"https:\/\/www.finnishplant.com\/?page_id=501\"><br \/>\n<img loading=\"lazy\" decoding=\"async\" class=\"alignnone size-full\" src=\"https:\/\/www.finnishplant.com\/wp-content\/uploads\/2021\/05\/2-1.jpg\" alt=\"tuotteet\" width=\"1811\" height=\"717\" \/><br \/>\n<\/a><\/div>\n<div class=\"page-text\">\n<p class=\"content-paragraph\"><a href=\"https:\/\/www.finnishplant.com\/?page_id=501\">Finnish Plantin Ruusun Ter\u00e4lehtihillo<\/a> valmistetaan rakkaudella pellolta p\u00f6yt\u00e4\u00e4n. T\u00e4m\u00e4 luomuihanuus on t\u00e4ydellinen kulinaristin lahja, joka avaa uusien makuyhdistelmien maailman.<\/p>\n<p class=\"content-paragraph\"><a href=\"https:\/\/www.finnishplant.com\/?page_id=501\/#ruusun-makuparit\">Ruusun ter\u00e4lehtihillon maku<\/a> on raikas, liev\u00e4n karvas ja viipyilev\u00e4. Se aateloi ruoka- ja juomael\u00e4mykset. Ruusun Ter\u00e4lehtihillosta voi tehd\u00e4 vaikkapa maukkaita marinadeja ja juomasekoituksia.<\/p>\n<p class=\"content-paragraph\"><a href=\"https:\/\/www.finnishplant.com\/?page_id=501\/#pakastekuivattu\">Finnish Plantin pakastekuivatut ruusun ter\u00e4lehdet<\/a> valmistetaan luomuviljellyst\u00e4 Rosa Rugosa Hybrid ruususta omassa pakastekuivaimessa. N\u00e4in saadaan s\u00e4ilym\u00e4\u00e4n upea v\u00e4ri, maku ja ravinteet.<\/p>\n<\/div>\n<div class=\"section-logo\"><img loading=\"lazy\" decoding=\"async\" class=\"alignnone\" src=\"https:\/\/www.finnishplant.com\/wp-content\/uploads\/2021\/05\/s.png\" alt=\"\" width=\"160\" height=\"49\" \/><\/div>\n<\/div>\n<div id=\"herkkupaloja\" class=\"page-content\">\n<h1 class=\"section-title\">Herkkupaloja<\/h1>\n<div class=\"page-collage-row page-image\">\n<div class=\"page-collage-column\">\n<div class=\"page-collage--image\"><a href=\"https:\/\/www.finnishplant.com\/?page_id=502\/#ruusu-marengit\"><br \/>\n<img loading=\"lazy\" decoding=\"async\" class=\"alignnone size-full\" src=\"https:\/\/www.finnishplant.com\/wp-content\/uploads\/2021\/05\/k0-1.jpg\" alt=\"\" width=\"333\" height=\"333\" \/><br \/>\n<\/a><span class=\"collage-info--black\" style=\"transform: translate(-50%);\">Kuva: Viljattomanvallaton<\/span><\/div>\n<div class=\"page-collage--image\"><a href=\"https:\/\/www.finnishplant.com\/?page_id=502\/#juusto-opas\"><br \/>\n<img loading=\"lazy\" decoding=\"async\" class=\"alignnone size-full\" src=\"https:\/\/www.finnishplant.com\/wp-content\/uploads\/2021\/05\/k0-2.jpg\" alt=\"\" width=\"333\" height=\"333\" \/><br \/>\n<\/a><span class=\"collage-info--white\" style=\"transform: translate(-50%);\">Kuva: Soupopera<\/span><\/div>\n<\/div>\n<div class=\"page-collage-column\">\n<div class=\"page-collage--image\"><a href=\"https:\/\/www.finnishplant.com\/?page_id=502\/#ruusuinen-hernekeitto\"><br \/>\n<img loading=\"lazy\" decoding=\"async\" class=\"alignnone size-full\" src=\"https:\/\/www.finnishplant.com\/wp-content\/uploads\/2021\/05\/k0-3.jpg\" alt=\"\" width=\"333\" height=\"333\" \/><br \/>\n<\/a><\/div>\n<div class=\"page-collage--image\"><a href=\"https:\/\/www.finnishplant.com\/?page_id=502\/#ruusuinen-rocky-road\"><br \/>\n<img loading=\"lazy\" decoding=\"async\" class=\"alignnone size-full\" src=\"https:\/\/www.finnishplant.com\/wp-content\/uploads\/2021\/05\/k0-4.jpg\" alt=\"\" width=\"333\" height=\"333\" \/><br \/>\n<\/a><\/div>\n<\/div>\n<div class=\"page-collage-column\">\n<div class=\"page-collage--image\"><a><br \/>\n<img loading=\"lazy\" decoding=\"async\" class=\"alignnone size-full\" src=\"https:\/\/www.finnishplant.com\/wp-content\/uploads\/2021\/05\/k0-5.jpg\" alt=\"\" width=\"313\" height=\"686\" \/><br \/>\n<\/a><span class=\"collage-info--white\" style=\"transform: translate(-50%);\">Kuva: Stephatable<\/span><\/div>\n<\/div>\n<div class=\"page-collage-column\">\n<div class=\"page-collage--image\"><a href=\"https:\/\/www.finnishplant.com\/?page_id=502\/#kuohuviini\"><br \/>\n<img loading=\"lazy\" decoding=\"async\" class=\"alignnone size-full\" src=\"https:\/\/www.finnishplant.com\/wp-content\/uploads\/2021\/05\/k0-6.jpg\" alt=\"\" width=\"333\" height=\"333\" \/><br \/>\n<\/a><span class=\"collage-info--white\" style=\"transform: translate(-50%);\">Kuva: Jennifer Delhotellerie<\/span><\/div>\n<div class=\"page-collage--image\"><a><br \/>\n<img loading=\"lazy\" decoding=\"async\" class=\"alignnone size-full\" src=\"https:\/\/www.finnishplant.com\/wp-content\/uploads\/2021\/05\/k0-7.jpg\" alt=\"\" width=\"333\" height=\"333\" \/><br \/>\n<\/a><\/div>\n<\/div>\n<div class=\"page-collage-column\">\n<div class=\"page-collage--image\"><a href=\"https:\/\/www.finnishplant.com\/?page_id=502\/#just-for-you\"><br \/>\n<img loading=\"lazy\" decoding=\"async\" class=\"alignnone size-full\" src=\"https:\/\/www.finnishplant.com\/wp-content\/uploads\/2021\/05\/k0-8.jpg\" alt=\"\" width=\"332\" height=\"330\" \/><br \/>\n<\/a><span class=\"collage-info--black\" style=\"transform: translate(-50%);\">Kuva: Mika Lev\u00e4lampi<\/span><\/div>\n<div class=\"page-collage--image\"><a><br \/>\n<img loading=\"lazy\" decoding=\"async\" class=\"alignnone size-full\" src=\"https:\/\/www.finnishplant.com\/wp-content\/uploads\/2021\/05\/k0-9.jpg\" alt=\"\" width=\"333\" height=\"333\" \/><br \/>\n<\/a><span class=\"collage-info--white\" style=\"transform: translate(-50%);\">Kuva: Action Finland<\/span><\/div>\n<\/div>\n<\/div>\n<div class=\"page-text\">\n<p class=\"content-paragraph\">Ruusu on onnellisuusruokaa. Ruusu inspiroi. Ruusu lis\u00e4\u00e4 romantiikkaa. Ruusu luo juhlan. T\u00e4\u00e4lt\u00e4 l\u00f6yd\u00e4t herkullisia reseptej\u00e4. Tutustu ja ihastu Herkkupaloihin <a href=\"https:\/\/www.finnishplant.com\/?page_id=502\">t\u00e4st\u00e4<\/a>.<\/p>\n<\/div>\n<div class=\"section-logo\"><img loading=\"lazy\" decoding=\"async\" class=\"alignnone\" src=\"https:\/\/www.finnishplant.com\/wp-content\/uploads\/2021\/05\/s.png\" alt=\"\" width=\"160\" height=\"49\" \/><\/div>\n<\/div>\n<div id=\"ruusuisia-kokemuksia\" class=\"page-content\">\n<h1 class=\"section-title\">Ruusuisia kokemuksia<\/h1>\n<div class=\"page-collage-row page-image\">\n<div class=\"page-collage-column\">\n<div class=\"page-collage--image\"><a href=\"https:\/\/www.finnishplant.com\/?page_id=503\/#dokumentti\"><br \/>\n<img loading=\"lazy\" decoding=\"async\" class=\"alignnone size-full\" src=\"https:\/\/www.finnishplant.com\/wp-content\/uploads\/2021\/05\/k1-1.jpg\" alt=\"\" width=\"553\" height=\"553\" \/><br \/>\n<\/a><\/p>\n<div class=\"collage-info--white\">Kuva: Action Finland<\/div>\n<\/div>\n<\/div>\n<div class=\"page-collage-column\">\n<div class=\"page-collage--image\"><a href=\"https:\/\/www.finnishplant.com\/?page_id=503\/#arvaa-kuka\"><br \/>\n<img loading=\"lazy\" decoding=\"async\" class=\"alignnone size-full\" src=\"https:\/\/www.finnishplant.com\/wp-content\/uploads\/2021\/05\/k1-2.jpg\" alt=\"\" width=\"553\" height=\"553\" \/><br \/>\n<\/a><\/p>\n<div class=\"collage-info--white\">Kuva: Action Finland<\/div>\n<\/div>\n<\/div>\n<div class=\"page-collage-column\">\n<div class=\"page-collage--image\"><a href=\"https:\/\/www.finnishplant.com\/?page_id=503\/#kohtaamisia\"><br \/>\n<img loading=\"lazy\" decoding=\"async\" class=\"alignnone size-full\" src=\"https:\/\/www.finnishplant.com\/wp-content\/uploads\/2021\/05\/k1-3.jpg\" alt=\"\" width=\"553\" height=\"553\" \/><br \/>\n<\/a><\/p>\n<div class=\"collage-info--white\"><a style=\"color: white;\" href=\"https:\/\/finntastic.de\/\" target=\"_blank\" rel=\"noopener\">Kuva: Finntastic<\/a><\/div>\n<\/div>\n<\/div>\n<\/div>\n<div class=\"page-text\">\n<p class=\"content-paragraph\">Finnish Plantin Ruusun Ter\u00e4lehtihillo valloittaa maailmalla ja moni huippukokki on ihastunut sen luomiin mahdollisuuksiin. Tuote ei ole my\u00f6sk\u00e4\u00e4n j\u00e4tt\u00e4nyt toimittajia kylmiksi. Finnish Plantilla Vampulassa on vieraillut ainakin ranskalaisia ja saksalaisia mediavaikuttajia. <a href=\"https:\/\/www.finnishplant.com\/?page_id=503\">Lue lis\u00e4\u00e4: Ruusuiset kokemukset.<\/a><\/p>\n<\/div>\n<div class=\"section-logo\"><img loading=\"lazy\" decoding=\"async\" class=\"alignnone\" src=\"https:\/\/www.finnishplant.com\/wp-content\/uploads\/2021\/05\/s.png\" alt=\"\" width=\"160\" height=\"49\" \/><\/div>\n<\/div>\n<div id=\"ruusu\" class=\"page-content\">\n<h1 class=\"section-title\">Ruusu<\/h1>\n<div class=\"page-collage-row page-image\">\n<div class=\"page-collage-column\">\n<div class=\"page-collage--image\"><a href=\"https:\/\/www.finnishplant.com\/?page_id=504\/#ruokapoydassa\"><br \/>\n<img loading=\"lazy\" decoding=\"async\" class=\"alignnone size-full\" src=\"https:\/\/www.finnishplant.com\/wp-content\/uploads\/2021\/05\/k2-1.jpg\" alt=\"\" width=\"626\" height=\"327\" \/><br \/>\n<\/a><\/p>\n<div class=\"collage-info--black\">Kuva: Soupopera<\/div>\n<\/div>\n<div class=\"page-collage--image\"><a href=\"https:\/\/www.finnishplant.com\/?page_id=504\/#ruusu\"><br \/>\n<img loading=\"lazy\" decoding=\"async\" class=\"alignnone size-full\" src=\"https:\/\/www.finnishplant.com\/wp-content\/uploads\/2021\/05\/k2-3.jpg\" alt=\"\" width=\"626\" height=\"352\" \/><br \/>\n<\/a><\/div>\n<\/div>\n<div class=\"page-collage-column\">\n<div class=\"page-collage--image\"><a href=\"https:\/\/www.finnishplant.com\/?page_id=504\/#terveysvaikutukset\"><br \/>\n<img loading=\"lazy\" decoding=\"async\" class=\"alignnone size-full\" src=\"https:\/\/www.finnishplant.com\/wp-content\/uploads\/2021\/05\/k2-2.jpg\" alt=\"\" width=\"632\" height=\"323\" \/><\/a><\/p>\n<div class=\"collage-info--black\">Kuva: Ace<\/div>\n<\/div>\n<div class=\"page-collage--image\"><a href=\"https:\/\/www.finnishplant.com\/?page_id=504\/#rosa-rugosa\"><br \/>\n<img loading=\"lazy\" decoding=\"async\" class=\"alignnone size-full\" src=\"https:\/\/www.finnishplant.com\/wp-content\/uploads\/2021\/05\/k2-4.jpg\" alt=\"\" width=\"632\" height=\"352\" \/><br \/>\n<\/a><\/div>\n<\/div>\n<\/div>\n<div class=\"page-text\">\n<p class=\"content-paragraph\">Ruusu on kukkien kuningatar, mutta tiesitk\u00f6 ett\u00e4 se on my\u00f6s varsinainen terveyspommi! Ruokap\u00f6yd\u00e4ss\u00e4 ruusua on k\u00e4ytetty jo ammoisista ajoista asti. Sy\u00f6t\u00e4v\u00e4ksi ruusuksi soveltuu erinomaisesti Rosa Rugosa Hybrid, jolla on hyv\u00e4t ravintoarvot ja hienostunut maku. Tutustu monipuoliseen ruusuun <a href=\"https:\/\/www.finnishplant.com\/?page_id=504\">artikkeleista.<\/a><\/p>\n<\/div>\n<div class=\"section-logo\"><img loading=\"lazy\" decoding=\"async\" class=\"alignnone\" src=\"https:\/\/www.finnishplant.com\/wp-content\/uploads\/2021\/05\/s.png\" alt=\"\" width=\"160\" height=\"49\" \/><\/div>\n<\/div>\n<div id=\"yritys\" class=\"page-content\">\n<h1 class=\"section-title\">Yritys<\/h1>\n<h1 class=\"section-title\"><a style=\"text-align: right; font-size: 1rem;\" href=\"https:\/\/www.finnishplant.com\/?page_id=505\/#luomuviljely\"><img loading=\"lazy\" decoding=\"async\" class=\"alignnone size-full\" src=\"https:\/\/www.finnishplant.com\/wp-content\/uploads\/2021\/05\/k3-1.jpg\" alt=\"\" width=\"341\" height=\"341\" \/><\/a><a style=\"text-align: right; font-size: 1rem;\" href=\"https:\/\/www.finnishplant.com\/?page_id=505\/#tarina\"><img loading=\"lazy\" decoding=\"async\" class=\"alignnone size-full\" src=\"https:\/\/www.finnishplant.com\/wp-content\/uploads\/2021\/05\/k3-2.jpg\" alt=\"\" width=\"341\" height=\"340\" \/><\/a><a style=\"text-align: center; font-size: 1rem;\" href=\"https:\/\/www.finnishplant.com\/?page_id=505\/#yritys\"><img loading=\"lazy\" decoding=\"async\" class=\"alignnone size-full\" src=\"https:\/\/www.finnishplant.com\/wp-content\/uploads\/2021\/05\/k3-3.jpg\" alt=\"\" width=\"341\" height=\"341\" \/><\/a><a style=\"text-align: center; font-size: 1rem;\" href=\"https:\/\/www.finnishplant.com\/?page_id=505\/#luomuviljely\"><img loading=\"lazy\" decoding=\"async\" class=\"alignnone size-full\" src=\"https:\/\/www.finnishplant.com\/wp-content\/uploads\/2021\/05\/k3-4.jpg\" alt=\"\" width=\"341\" height=\"340\" \/><\/a><\/h1>\n<div class=\"page-collage-row page-image\">\n<div class=\"page-collage-column\" style=\"text-align: left;\"><a href=\"https:\/\/www.finnishplant.com\/?page_id=505\/#tarina\"><img loading=\"lazy\" decoding=\"async\" class=\"alignnone size-full\" src=\"https:\/\/www.finnishplant.com\/wp-content\/uploads\/2021\/05\/k3-5.jpg\" alt=\"\" width=\"341\" height=\"341\" \/><\/a><br \/>\n<a href=\"https:\/\/www.finnishplant.com\/?page_id=505\/#yritys\"><img loading=\"lazy\" decoding=\"async\" class=\"alignnone size-full\" src=\"https:\/\/www.finnishplant.com\/wp-content\/uploads\/2021\/05\/k3-6.jpg\" alt=\"\" width=\"341\" height=\"340\" \/><\/a><\/div>\n<\/div>\n<div class=\"page-text\">\n<p class=\"content-paragraph\">Tuuli ja Matti py\u00f6ritt\u00e4v\u00e4t Vampulassa, L\u00e4nsi-Suomessa Matin kotitilaa, jonka pelloilla kasvaa 20 km luomuruusua. Kaikki alkoi oikeastaan Matin kunnianhimosta musiikin parissa. Kun Finnish Percussion kongarumpujen maailmanvalloitus kaatui dollarin romahdukseen, ajatus tehd\u00e4 jotain ainutlaatuista j\u00e4i kytem\u00e4\u00e4n. Tuulin tavattuaan Matti oli l\u00f6yt\u00e4nyt kumppanin, joka jakoi intohimon ruusuihin. Kirjaimet FP muuttuivat tarkoittamaan Finnish Plant, kun pariskunnalla kypsyi ajatus ruusun viljelemisest\u00e4 ammattimaisesti. <a href=\"https:\/\/www.finnishplant.com\/?page_id=505\">Lue lis\u00e4\u00e4.<\/a><\/p>\n<\/div>\n<div class=\"section-logo\"><img loading=\"lazy\" decoding=\"async\" class=\"alignnone\" src=\"https:\/\/www.finnishplant.com\/wp-content\/uploads\/2021\/05\/s.png\" alt=\"\" width=\"160\" height=\"49\" \/><\/div>\n<\/div>\n<div id=\"ajankohtaista\" class=\"page-content\">\n<h1 class=\"section-title\">Ajankohtaista<\/h1>\n<div class=\"page-collage-row page-image\">\n<div class=\"page-collage-column page-image\"><a href=\"https:\/\/www.facebook.com\/finnishplant\" target=\"_blank\" rel=\"noopener\"><br \/>\n<img loading=\"lazy\" decoding=\"async\" class=\"alignnone size-full\" style=\"width: 50%;\" src=\"https:\/\/www.finnishplant.com\/wp-content\/uploads\/2021\/05\/3.png\" alt=\"\" width=\"511\" height=\"437\" \/><br \/>\n<\/a><\/div>\n<div class=\"page-collage-column page-image\"><a href=\"https:\/\/www.instagram.com\/finnishplant\/\" target=\"_blank\" rel=\"noopener\"><br \/>\n<img loading=\"lazy\" decoding=\"async\" class=\"alignnone size-full\" style=\"width: 50%;\" src=\"https:\/\/www.finnishplant.com\/wp-content\/uploads\/2021\/05\/4.png\" alt=\"\" width=\"523\" height=\"437\" \/><br \/>\n<\/a><\/div>\n<\/div>\n<div class=\"page-text\">\n<p class=\"content-paragraph\" style=\"text-align: center;\">Finnish Plantilla tapahtuu ja Ruusun Ter\u00e4lehtihillo puhuttaa ammatti- ja kotikeitti\u00f6iss\u00e4. K\u00e4y katsomassa mit\u00e4 meille kuuluu ja j\u00e4t\u00e4 terveisi\u00e4!<\/p>\n<\/div>\n<div class=\"section-logo\"><img loading=\"lazy\" decoding=\"async\" class=\"alignnone\" src=\"https:\/\/www.finnishplant.com\/wp-content\/uploads\/2021\/05\/s.png\" alt=\"\" width=\"160\" height=\"49\" \/><\/div>\n<\/div>\n<div class=\"page-content\">\n<h1 class=\"section-title\">Ota yhteytt\u00e4<\/h1>\n<div class=\"page-image\">\n<div class=\"page-collage--image\"><img loading=\"lazy\" decoding=\"async\" class=\"alignnone size-full\" src=\"https:\/\/www.finnishplant.com\/wp-content\/uploads\/2021\/05\/5.jpg\" alt=\"\" width=\"1661\" height=\"698\" \/><\/p>\n<div class=\"collage-info--white\">Kuva: Jennifer Delhotellerie<\/div>\n<\/div>\n<\/div>\n<div id=\"ota-yhteytta\" class=\"page-text--center\">\n<p class=\"content-paragraph\" style=\"margin-top: 5em;\">FP-Kotaja Oy Finnish Plant<br \/>\nTanokkaantie 56<br \/>\n32610 Vampula<br \/>\nFinland<br \/>\nALV-numero: FI05117208<br \/>\nfinnish.plant(at)fpkotaja.com<br \/>\nMatti Kotaja +358 50 032 9630<br \/>\nTuuli Kotaja +358 50 547 4881<\/p>\n<p><a href=\"https:\/\/www.oivahymy.fi\/api\/raportti\/243685\"><img loading=\"lazy\" decoding=\"async\" class=\"alignnone size-full wp-image-963\" src=\"https:\/\/www.finnishplant.com\/wp-content\/uploads\/2025\/11\/oiva-logo.png\" alt=\"\" width=\"158\" height=\"52\" \/><\/a><\/p>\n<\/div>\n<div class=\"section-eu\"><img loading=\"lazy\" decoding=\"async\" class=\"alignnone size-full\" src=\"https:\/\/www.finnishplant.com\/wp-content\/uploads\/2021\/05\/eu.jpg\" alt=\"\" width=\"200\" height=\"35\" \/><\/div>\n<div class=\"section-logo\"><img loading=\"lazy\" decoding=\"async\" class=\"alignnone\" src=\"https:\/\/www.finnishplant.com\/wp-content\/uploads\/2021\/05\/s.png\" alt=\"\" width=\"160\" height=\"49\" \/><\/div>\n<\/div>\n","protected":false},"excerpt":{"rendered":"<p>Maista Ruusu Finnish Plant jalostaa ja kasvattaa suomalaista sy\u00f6t\u00e4v\u00e4\u00e4 ruusua Varsinais-Suomen Vampulassa. Keskiy\u00f6n auringon alla kasvanut tarhakurtturuusu (Rosa Rugosa Hybrid) on t\u00e4ydellinen yhdistelm\u00e4 terveellisi\u00e4 antosyaaneja ja j\u00e4ljittelem\u00e4t\u00f6nt\u00e4 makua. Katso mist\u00e4 saa! &#8220;Kun tuulen py\u00f6rre pyyhk\u00e4isee pellon l\u00e4pi, kuulen ruusun ter\u00e4lehtien havinassa musiikin. Heti tilaisuuden tullen on p\u00e4\u00e4st\u00e4v\u00e4 pianon \u00e4\u00e4reen. Musisoivalle maanviljelij\u00e4lle luovuuden l\u00e4hde avautuu koti-ikkunan [&hellip;]<\/p>\n","protected":false},"author":1,"featured_media":0,"parent":0,"menu_order":0,"comment_status":"closed","ping_status":"closed","template":"page-templates\/full-width.php","meta":{"footnotes":""},"class_list":["post-500","page","type-page","status-publish","hentry"],"_links":{"self":[{"href":"https:\/\/www.finnishplant.com\/index.php?rest_route=\/wp\/v2\/pages\/500","targetHints":{"allow":["GET"]}}],"collection":[{"href":"https:\/\/www.finnishplant.com\/index.php?rest_route=\/wp\/v2\/pages"}],"about":[{"href":"https:\/\/www.finnishplant.com\/index.php?rest_route=\/wp\/v2\/types\/page"}],"author":[{"embeddable":true,"href":"https:\/\/www.finnishplant.com\/index.php?rest_route=\/wp\/v2\/users\/1"}],"replies":[{"embeddable":true,"href":"https:\/\/www.finnishplant.com\/index.php?rest_route=%2Fwp%2Fv2%2Fcomments&post=500"}],"version-history":[{"count":36,"href":"https:\/\/www.finnishplant.com\/index.php?rest_route=\/wp\/v2\/pages\/500\/revisions"}],"predecessor-version":[{"id":971,"href":"https:\/\/www.finnishplant.com\/index.php?rest_route=\/wp\/v2\/pages\/500\/revisions\/971"}],"wp:attachment":[{"href":"https:\/\/www.finnishplant.com\/index.php?rest_route=%2Fwp%2Fv2%2Fmedia&parent=500"}],"curies":[{"name":"wp","href":"https:\/\/api.w.org\/{rel}","templated":true}]}}